{"id":63,"date":"2015-04-21T16:53:08","date_gmt":"2015-04-21T16:53:08","guid":{"rendered":"http:\/\/djbordeauxmariage.apps-1and1.net\/?page_id=63"},"modified":"2024-01-29T09:03:21","modified_gmt":"2024-01-29T09:03:21","slug":"les-djs","status":"publish","type":"page","link":"https:\/\/djbordeauxmariage.com\/?page_id=63","title":{"rendered":"Notre \u00e9quipe \/ Les Dj&rsquo;s"},"content":{"rendered":"\n<h1 class=\"wp-block-heading has-text-align-center\"><strong>\u00a0                   \u00a0<span style=\"color: #ff6600;\">Naura C :<\/span><\/strong><\/h1>\n\n\n\n<p><img loading=\"lazy\" decoding=\"async\" class=\"wp-image-262 size-full alignleft\" src=\"https:\/\/djbordeauxmariage.com\/wp-content\/uploads\/2015\/04\/nono-1.png\" alt=\"\" width=\"208\" height=\"280\"><\/p>\n<div><strong>Organisation de soir\u00e9es<\/strong><\/div>\n<div>Accompagnement des t\u00e9moins &amp; de &nbsp;la famille pour le d\u00e9roulement des animations de mariage \/ surprises \/ projections \/ etc. avant et pendant le mariage<\/div>\n<div>Coordination avec les diff\u00e9rents prestataires lors de la soir\u00e9e. le gros \u00ab\u00a0plus\u00a0\u00bb de djbordeauxmariage!<\/div>\n\n\n\n<p>&nbsp;<\/p>\n<p>&nbsp;<\/p>\n<h1 style=\"text-align: center;\"><span style=\"color: #ff6600;\"><strong>Oliver C :<\/strong><\/span><\/h1>\n<p><a href=\"https:\/\/djbordeauxmariage.com\/wp-content\/uploads\/2015\/04\/oliverc.jpg\"><img loading=\"lazy\" decoding=\"async\" class=\"size-medium wp-image-66 alignleft\" src=\"https:\/\/djbordeauxmariage.com\/wp-content\/uploads\/2015\/04\/oliverc-300x253.jpg\" alt=\"oliverc\" width=\"300\" height=\"253\" srcset=\"https:\/\/djbordeauxmariage.com\/wp-content\/uploads\/2015\/04\/oliverc-300x253.jpg 300w, https:\/\/djbordeauxmariage.com\/wp-content\/uploads\/2015\/04\/oliverc-450x379.jpg 450w, https:\/\/djbordeauxmariage.com\/wp-content\/uploads\/2015\/04\/oliverc.jpg 500w\" sizes=\"auto, (max-width: 300px) 100vw, 300px\" \/><\/a><\/p>\n\n\n\n<div>&nbsp;<\/div>\n<div><strong>DJ<\/strong><br>Discographie tous styles<\/div>\n<div>Sp\u00e9cialiste Dance-House \/ Electro \/ HIP-HOP \/ LATINO \/ G\u00e9n\u00e9raliste.<\/div>\n<div>&nbsp;<\/div>\n<div>Mix sur Platines Pioneer-Denon&nbsp; + tous supports<\/div>\n<div>&nbsp;<\/div>\n<h1 style=\"text-align: center;\"><span style=\"color: #ff6600;\"><strong>Franck LB :<\/strong><\/span><\/h1>\n<p><img loading=\"lazy\" decoding=\"async\" class=\"wp-image-263 alignleft\" src=\"https:\/\/djbordeauxmariage.com\/wp-content\/uploads\/2015\/04\/franck-arnaud-dj.png\" alt=\"\" width=\"228\" height=\"227\" srcset=\"https:\/\/djbordeauxmariage.com\/wp-content\/uploads\/2015\/04\/franck-arnaud-dj.png 192w, https:\/\/djbordeauxmariage.com\/wp-content\/uploads\/2015\/04\/franck-arnaud-dj-150x150.png 150w\" sizes=\"auto, (max-width: 228px) 100vw, 228px\" \/><\/p>\n<div><strong>Disc Jockey<\/strong><br>15 ans d&rsquo;exp\u00e9rience<\/div>\n<div>Mat\u00e9riel Haut de gamme ( Electro Voice \/ Fbt \/ Bose )<\/div>\n<div>Discographie tous styles<br>Sp\u00e9cialiste Salsa \/ Latino \/ Zouk \/ Reggaeton<\/div>\n<p>&nbsp;<\/p>\n<p><a href=\"https:\/\/djbordeauxmariage.com\/?page_id=18\" target=\"_blank\" rel=\"noreferrer noopener\"><img loading=\"lazy\" decoding=\"async\" class=\"wp-image-323 size-medium aligncenter\" src=\"https:\/\/djbordeauxmariage.com\/wp-content\/uploads\/2018\/01\/t\u00e9l\u00e9chargement-1-300x149.jpg\" alt=\"demande de devis\" width=\"300\" height=\"149\" srcset=\"https:\/\/djbordeauxmariage.com\/wp-content\/uploads\/2018\/01\/t\u00e9l\u00e9chargement-1-300x149.jpg 300w, https:\/\/djbordeauxmariage.com\/wp-content\/uploads\/2018\/01\/t\u00e9l\u00e9chargement-1.jpg 319w\" sizes=\"auto, (max-width: 300px) 100vw, 300px\" \/><\/a><\/p>\n<p class=\"has-text-align-center\">&nbsp;<\/p>\n\n<div class=\"twitter-share\"><a href=\"https:\/\/twitter.com\/intent\/tweet?via=DjMariage\" class=\"twitter-share-button\" data-size=\"large\">Tweet<\/a><\/div>\n","protected":false},"excerpt":{"rendered":"<p>\u00a0 \u00a0Naura C : Organisation de soir\u00e9es Accompagnement des t\u00e9moins &amp; de &nbsp;la famille pour le d\u00e9roulement des animations de mariage \/ surprises \/ projections \/ etc. avant et pendant [&hellip;]<\/p>\n","protected":false},"author":1,"featured_media":0,"parent":0,"menu_order":0,"comment_status":"open","ping_status":"open","template":"","meta":{"om_disable_all_campaigns":false,"_monsterinsights_skip_tracking":false,"_monsterinsights_sitenote_active":false,"_monsterinsights_sitenote_note":"","_monsterinsights_sitenote_category":0,"_uf_show_specific_survey":0,"_uf_disable_surveys":false,"ngg_post_thumbnail":0,"footnotes":""},"class_list":["post-63","page","type-page","status-publish","hentry"],"yoast_head":"<!-- This site is optimized with the Yoast SEO plugin v27.5 - https:\/\/yoast.com\/product\/yoast-seo-wordpress\/ -->\n<title>Notre \u00e9quipe \/ Les Dj&#039;s &#171; Pour des \u00e9v\u00e9nements sur mesure...<\/title>\n<meta name=\"robots\" content=\"index, follow, max-snippet:-1, max-image-preview:large, max-video-preview:-1\" \/>\n<link rel=\"canonical\" href=\"https:\/\/djbordeauxmariage.com\/?page_id=63\" \/>\n<meta property=\"og:locale\" content=\"fr_FR\" \/>\n<meta property=\"og:type\" content=\"article\" \/>\n<meta property=\"og:title\" content=\"Notre \u00e9quipe \/ Les Dj&#039;s &#171; Pour des \u00e9v\u00e9nements sur mesure...\" \/>\n<meta property=\"og:description\" content=\"\u00a0 \u00a0Naura C : Organisation de soir\u00e9es Accompagnement des t\u00e9moins &amp; de &nbsp;la famille pour le d\u00e9roulement des animations de mariage \/ surprises \/ projections \/ etc. avant et pendant [&hellip;]\" \/>\n<meta property=\"og:url\" content=\"https:\/\/djbordeauxmariage.com\/?page_id=63\" \/>\n<meta property=\"og:site_name\" content=\"Pour des \u00e9v\u00e9nements sur mesure...\" \/>\n<meta property=\"article:modified_time\" content=\"2024-01-29T09:03:21+00:00\" \/>\n<meta property=\"og:image\" content=\"https:\/\/djbordeauxmariage.com\/wp-content\/uploads\/2015\/04\/nono-1.png\" \/>\n<meta name=\"twitter:card\" content=\"summary_large_image\" \/>\n<meta name=\"twitter:site\" content=\"@djmariage\" \/>\n<meta name=\"twitter:label1\" content=\"Dur\u00e9e de lecture estim\u00e9e\" \/>\n\t<meta name=\"twitter:data1\" content=\"2 minutes\" \/>\n<script type=\"application\/ld+json\" class=\"yoast-schema-graph\">{\"@context\":\"https:\\\/\\\/schema.org\",\"@graph\":[{\"@type\":\"WebPage\",\"@id\":\"https:\\\/\\\/djbordeauxmariage.com\\\/?page_id=63\",\"url\":\"https:\\\/\\\/djbordeauxmariage.com\\\/?page_id=63\",\"name\":\"Notre \u00e9quipe \\\/ Les Dj's &#171; Pour des \u00e9v\u00e9nements sur mesure...\",\"isPartOf\":{\"@id\":\"https:\\\/\\\/djbordeauxmariage.com\\\/#website\"},\"primaryImageOfPage\":{\"@id\":\"https:\\\/\\\/djbordeauxmariage.com\\\/?page_id=63#primaryimage\"},\"image\":{\"@id\":\"https:\\\/\\\/djbordeauxmariage.com\\\/?page_id=63#primaryimage\"},\"thumbnailUrl\":\"https:\\\/\\\/djbordeauxmariage.com\\\/wp-content\\\/uploads\\\/2015\\\/04\\\/nono-1.png\",\"datePublished\":\"2015-04-21T16:53:08+00:00\",\"dateModified\":\"2024-01-29T09:03:21+00:00\",\"breadcrumb\":{\"@id\":\"https:\\\/\\\/djbordeauxmariage.com\\\/?page_id=63#breadcrumb\"},\"inLanguage\":\"fr-FR\",\"potentialAction\":[{\"@type\":\"ReadAction\",\"target\":[\"https:\\\/\\\/djbordeauxmariage.com\\\/?page_id=63\"]}]},{\"@type\":\"ImageObject\",\"inLanguage\":\"fr-FR\",\"@id\":\"https:\\\/\\\/djbordeauxmariage.com\\\/?page_id=63#primaryimage\",\"url\":\"https:\\\/\\\/djbordeauxmariage.com\\\/wp-content\\\/uploads\\\/2015\\\/04\\\/nono-1.png\",\"contentUrl\":\"https:\\\/\\\/djbordeauxmariage.com\\\/wp-content\\\/uploads\\\/2015\\\/04\\\/nono-1.png\"},{\"@type\":\"BreadcrumbList\",\"@id\":\"https:\\\/\\\/djbordeauxmariage.com\\\/?page_id=63#breadcrumb\",\"itemListElement\":[{\"@type\":\"ListItem\",\"position\":1,\"name\":\"Accueil\",\"item\":\"https:\\\/\\\/djbordeauxmariage.com\\\/\"},{\"@type\":\"ListItem\",\"position\":2,\"name\":\"Notre \u00e9quipe \\\/ Les Dj&#8217;s\"}]},{\"@type\":\"WebSite\",\"@id\":\"https:\\\/\\\/djbordeauxmariage.com\\\/#website\",\"url\":\"https:\\\/\\\/djbordeauxmariage.com\\\/\",\"name\":\"dj pour votre mariage bordeaux et sa r\u00e9gion\",\"description\":\"cr\u00e9ateur d&#039;\u00e9v\u00e9nements , DJ pour vos mariages\",\"publisher\":{\"@id\":\"https:\\\/\\\/djbordeauxmariage.com\\\/#organization\"},\"alternateName\":\"djmariagebordeaux\",\"potentialAction\":[{\"@type\":\"SearchAction\",\"target\":{\"@type\":\"EntryPoint\",\"urlTemplate\":\"https:\\\/\\\/djbordeauxmariage.com\\\/?s={search_term_string}\"},\"query-input\":{\"@type\":\"PropertyValueSpecification\",\"valueRequired\":true,\"valueName\":\"search_term_string\"}}],\"inLanguage\":\"fr-FR\"},{\"@type\":\"Organization\",\"@id\":\"https:\\\/\\\/djbordeauxmariage.com\\\/#organization\",\"name\":\"djbordeauxmariage\",\"alternateName\":\"djmariagebordeaux\",\"url\":\"https:\\\/\\\/djbordeauxmariage.com\\\/\",\"logo\":{\"@type\":\"ImageObject\",\"inLanguage\":\"fr-FR\",\"@id\":\"https:\\\/\\\/djbordeauxmariage.com\\\/#\\\/schema\\\/logo\\\/image\\\/\",\"url\":\"https:\\\/\\\/djbordeauxmariage.com\\\/wp-content\\\/uploads\\\/2017\\\/09\\\/LOGO-djbordeauxmariage.jpg\",\"contentUrl\":\"https:\\\/\\\/djbordeauxmariage.com\\\/wp-content\\\/uploads\\\/2017\\\/09\\\/LOGO-djbordeauxmariage.jpg\",\"width\":448,\"height\":152,\"caption\":\"djbordeauxmariage\"},\"image\":{\"@id\":\"https:\\\/\\\/djbordeauxmariage.com\\\/#\\\/schema\\\/logo\\\/image\\\/\"},\"sameAs\":[\"https:\\\/\\\/x.com\\\/djmariage\",\"https:\\\/\\\/www.instagram.com\\\/djbordeauxmariage?igsh=MW1xZ283NXI1OGoybw&utm_source=qr\"]}]}<\/script>\n<!-- \/ Yoast SEO plugin. -->","yoast_head_json":{"title":"Notre \u00e9quipe \/ Les Dj's &#171; Pour des \u00e9v\u00e9nements sur mesure...","robots":{"index":"index","follow":"follow","max-snippet":"max-snippet:-1","max-image-preview":"max-image-preview:large","max-video-preview":"max-video-preview:-1"},"canonical":"https:\/\/djbordeauxmariage.com\/?page_id=63","og_locale":"fr_FR","og_type":"article","og_title":"Notre \u00e9quipe \/ Les Dj's &#171; Pour des \u00e9v\u00e9nements sur mesure...","og_description":"\u00a0 \u00a0Naura C : Organisation de soir\u00e9es Accompagnement des t\u00e9moins &amp; de &nbsp;la famille pour le d\u00e9roulement des animations de mariage \/ surprises \/ projections \/ etc. avant et pendant [&hellip;]","og_url":"https:\/\/djbordeauxmariage.com\/?page_id=63","og_site_name":"Pour des \u00e9v\u00e9nements sur mesure...","article_modified_time":"2024-01-29T09:03:21+00:00","og_image":[{"url":"https:\/\/djbordeauxmariage.com\/wp-content\/uploads\/2015\/04\/nono-1.png","type":"","width":"","height":""}],"twitter_card":"summary_large_image","twitter_site":"@djmariage","twitter_misc":{"Dur\u00e9e de lecture estim\u00e9e":"2 minutes"},"schema":{"@context":"https:\/\/schema.org","@graph":[{"@type":"WebPage","@id":"https:\/\/djbordeauxmariage.com\/?page_id=63","url":"https:\/\/djbordeauxmariage.com\/?page_id=63","name":"Notre \u00e9quipe \/ Les Dj's &#171; Pour des \u00e9v\u00e9nements sur mesure...","isPartOf":{"@id":"https:\/\/djbordeauxmariage.com\/#website"},"primaryImageOfPage":{"@id":"https:\/\/djbordeauxmariage.com\/?page_id=63#primaryimage"},"image":{"@id":"https:\/\/djbordeauxmariage.com\/?page_id=63#primaryimage"},"thumbnailUrl":"https:\/\/djbordeauxmariage.com\/wp-content\/uploads\/2015\/04\/nono-1.png","datePublished":"2015-04-21T16:53:08+00:00","dateModified":"2024-01-29T09:03:21+00:00","breadcrumb":{"@id":"https:\/\/djbordeauxmariage.com\/?page_id=63#breadcrumb"},"inLanguage":"fr-FR","potentialAction":[{"@type":"ReadAction","target":["https:\/\/djbordeauxmariage.com\/?page_id=63"]}]},{"@type":"ImageObject","inLanguage":"fr-FR","@id":"https:\/\/djbordeauxmariage.com\/?page_id=63#primaryimage","url":"https:\/\/djbordeauxmariage.com\/wp-content\/uploads\/2015\/04\/nono-1.png","contentUrl":"https:\/\/djbordeauxmariage.com\/wp-content\/uploads\/2015\/04\/nono-1.png"},{"@type":"BreadcrumbList","@id":"https:\/\/djbordeauxmariage.com\/?page_id=63#breadcrumb","itemListElement":[{"@type":"ListItem","position":1,"name":"Accueil","item":"https:\/\/djbordeauxmariage.com\/"},{"@type":"ListItem","position":2,"name":"Notre \u00e9quipe \/ Les Dj&#8217;s"}]},{"@type":"WebSite","@id":"https:\/\/djbordeauxmariage.com\/#website","url":"https:\/\/djbordeauxmariage.com\/","name":"dj pour votre mariage bordeaux et sa r\u00e9gion","description":"cr\u00e9ateur d&#039;\u00e9v\u00e9nements , DJ pour vos mariages","publisher":{"@id":"https:\/\/djbordeauxmariage.com\/#organization"},"alternateName":"djmariagebordeaux","potentialAction":[{"@type":"SearchAction","target":{"@type":"EntryPoint","urlTemplate":"https:\/\/djbordeauxmariage.com\/?s={search_term_string}"},"query-input":{"@type":"PropertyValueSpecification","valueRequired":true,"valueName":"search_term_string"}}],"inLanguage":"fr-FR"},{"@type":"Organization","@id":"https:\/\/djbordeauxmariage.com\/#organization","name":"djbordeauxmariage","alternateName":"djmariagebordeaux","url":"https:\/\/djbordeauxmariage.com\/","logo":{"@type":"ImageObject","inLanguage":"fr-FR","@id":"https:\/\/djbordeauxmariage.com\/#\/schema\/logo\/image\/","url":"https:\/\/djbordeauxmariage.com\/wp-content\/uploads\/2017\/09\/LOGO-djbordeauxmariage.jpg","contentUrl":"https:\/\/djbordeauxmariage.com\/wp-content\/uploads\/2017\/09\/LOGO-djbordeauxmariage.jpg","width":448,"height":152,"caption":"djbordeauxmariage"},"image":{"@id":"https:\/\/djbordeauxmariage.com\/#\/schema\/logo\/image\/"},"sameAs":["https:\/\/x.com\/djmariage","https:\/\/www.instagram.com\/djbordeauxmariage?igsh=MW1xZ283NXI1OGoybw&utm_source=qr"]}]}},"_links":{"self":[{"href":"https:\/\/djbordeauxmariage.com\/index.php?rest_route=\/wp\/v2\/pages\/63","targetHints":{"allow":["GET"]}}],"collection":[{"href":"https:\/\/djbordeauxmariage.com\/index.php?rest_route=\/wp\/v2\/pages"}],"about":[{"href":"https:\/\/djbordeauxmariage.com\/index.php?rest_route=\/wp\/v2\/types\/page"}],"author":[{"embeddable":true,"href":"https:\/\/djbordeauxmariage.com\/index.php?rest_route=\/wp\/v2\/users\/1"}],"replies":[{"embeddable":true,"href":"https:\/\/djbordeauxmariage.com\/index.php?rest_route=%2Fwp%2Fv2%2Fcomments&post=63"}],"version-history":[{"count":41,"href":"https:\/\/djbordeauxmariage.com\/index.php?rest_route=\/wp\/v2\/pages\/63\/revisions"}],"predecessor-version":[{"id":968,"href":"https:\/\/djbordeauxmariage.com\/index.php?rest_route=\/wp\/v2\/pages\/63\/revisions\/968"}],"wp:attachment":[{"href":"https:\/\/djbordeauxmariage.com\/index.php?rest_route=%2Fwp%2Fv2%2Fmedia&parent=63"}],"curies":[{"name":"wp","href":"https:\/\/api.w.org\/{rel}","templated":true}]}}