{"id":48,"date":"2015-04-11T12:05:29","date_gmt":"2015-04-11T12:05:29","guid":{"rendered":"http:\/\/djbordeauxmariage.apps-1and1.net\/?page_id=48"},"modified":"2023-05-01T09:22:31","modified_gmt":"2023-05-01T09:22:31","slug":"des-prestations-de-qualite","status":"publish","type":"page","link":"https:\/\/djbordeauxmariage.com\/?page_id=48","title":{"rendered":"Mariages"},"content":{"rendered":"<p style=\"text-align: center;\">Nous organisons syst\u00e9matiquement un rendez vous en amont de votre \u00e9v\u00e9nement , afin de personnaliser au maximum la configuration \u00e0 l\u2019ampleur de la prestation.<\/p>\n<p><a href=\"https:\/\/djbordeauxmariage.com\/wp-content\/uploads\/2015\/04\/mariage1.jpg\"><img loading=\"lazy\" decoding=\"async\" class=\"aligncenter size-medium wp-image-154\" src=\"https:\/\/djbordeauxmariage.com\/wp-content\/uploads\/2015\/04\/mariage1-300x200.jpg\" alt=\"\" width=\"300\" height=\"200\" srcset=\"https:\/\/djbordeauxmariage.com\/wp-content\/uploads\/2015\/04\/mariage1-300x200.jpg 300w, https:\/\/djbordeauxmariage.com\/wp-content\/uploads\/2015\/04\/mariage1-200x133.jpg 200w, https:\/\/djbordeauxmariage.com\/wp-content\/uploads\/2015\/04\/mariage1-660x440.jpg 660w, https:\/\/djbordeauxmariage.com\/wp-content\/uploads\/2015\/04\/mariage1.jpg 700w\" sizes=\"auto, (max-width: 300px) 100vw, 300px\" \/><\/a><\/p>\n<p><span style=\"color: #000000;\">&gt; Nous avons la possibilit\u00e9 de mobiliser 2 Dj&rsquo;s compl\u00e9mentaires(et 2 sonorisations) qui sauront <span style=\"color: #00ccff;\">satisfaire tous les go\u00fbts<\/span> et gros \u00e9v\u00e9nements.<\/span><\/p>\n<p>&nbsp;<\/p>\n<p><a href=\"https:\/\/djbordeauxmariage.com\/wp-content\/uploads\/2015\/04\/mariage2.jpg\"><img loading=\"lazy\" decoding=\"async\" class=\"aligncenter size-medium wp-image-155\" src=\"https:\/\/djbordeauxmariage.com\/wp-content\/uploads\/2015\/04\/mariage2-300x169.jpg\" alt=\"\" width=\"300\" height=\"169\" srcset=\"https:\/\/djbordeauxmariage.com\/wp-content\/uploads\/2015\/04\/mariage2-300x169.jpg 300w, https:\/\/djbordeauxmariage.com\/wp-content\/uploads\/2015\/04\/mariage2-660x371.jpg 660w, https:\/\/djbordeauxmariage.com\/wp-content\/uploads\/2015\/04\/mariage2.jpg 700w\" sizes=\"auto, (max-width: 300px) 100vw, 300px\" \/><\/a><\/p>\n<table class=\" aligncenter\" style=\"height: 262px; width: 170.41%; border-style: hidden;\">\n<tbody>\n<tr style=\"height: 223px;\">\n<td style=\"width: 34.7382%; height: 223px;\"><span style=\"color: #00ccff;\">&nbsp;Notre \u00e9quipe vous accompagne ainsi que les t\u00e9moins tot au long de la soir\u00e9e pour que votre soir\u00e9e soit r\u00e9ussie. Nous sommes en lien permanent pour que les interventions soient coordonn\u00e9es et que vous n&rsquo;ayez qu&rsquo;a profiter et vous laisser porter par ce moment magique !&nbsp;<\/span><\/td>\n<td style=\"width: 40.8685%; height: 223px;\">&nbsp;<a href=\"https:\/\/djbordeauxmariage.com\/wp-content\/uploads\/2015\/04\/exclu.png\"><img loading=\"lazy\" decoding=\"async\" class=\"size-full wp-image-142 alignleft\" src=\"https:\/\/djbordeauxmariage.com\/wp-content\/uploads\/2015\/04\/exclu.png\" alt=\"\" width=\"225\" height=\"225\" srcset=\"https:\/\/djbordeauxmariage.com\/wp-content\/uploads\/2015\/04\/exclu.png 225w, https:\/\/djbordeauxmariage.com\/wp-content\/uploads\/2015\/04\/exclu-150x150.png 150w\" sizes=\"auto, (max-width: 225px) 100vw, 225px\" \/><\/a><\/td>\n<\/tr>\n<\/tbody>\n<\/table>\n<h1 style=\"text-align: center;\"><a style=\"font-family: Cabin, Helvetica, sans-serif; font-size: 18px; font-weight: 500;\" href=\"https:\/\/djbordeauxmariage.com\/wp-content\/uploads\/2015\/04\/cropped-didji.jpg\"><br \/>\n<img loading=\"lazy\" decoding=\"async\" class=\"wp-image-115 aligncenter\" src=\"https:\/\/djbordeauxmariage.com\/wp-content\/uploads\/2015\/04\/cropped-didji-300x144.jpg\" alt=\"\" width=\"410\" height=\"197\" srcset=\"https:\/\/djbordeauxmariage.com\/wp-content\/uploads\/2015\/04\/cropped-didji-300x144.jpg 300w, https:\/\/djbordeauxmariage.com\/wp-content\/uploads\/2015\/04\/cropped-didji-768x369.jpg 768w, https:\/\/djbordeauxmariage.com\/wp-content\/uploads\/2015\/04\/cropped-didji-1024x492.jpg 1024w, https:\/\/djbordeauxmariage.com\/wp-content\/uploads\/2015\/04\/cropped-didji-660x317.jpg 660w, https:\/\/djbordeauxmariage.com\/wp-content\/uploads\/2015\/04\/cropped-didji.jpg 2000w\" sizes=\"auto, (max-width: 410px) 100vw, 410px\" \/><\/a><\/h1>\n<p>Le mariage est le plus beau jour de votre vie, il est donc important de choisir minutieusement le DJ de votre soir\u00e9e de mariage.<br \/>\nConscients de l\u2019importance que repr\u00e9sente le Jour J,<\/p>\n<p><span style=\"color: #00ccff;\">&gt; &nbsp;Notre objectif : que vous et vos convives puissent pleinement profiter de votre mariage.&nbsp;<\/span><\/p>\n<p>L\u2019animateur de soir\u00e9e vous propose une ambiance festive et conviviale pour que votre mariage soit inoubliable.<\/p>\n<p>Nous g\u00e9rons l\u2019ensemble de l\u2019animation de mariage, de l\u2019animation DJ, le mat\u00e9riel de sonorisation et de l\u2019\u00e9clairage&nbsp; de votre lieu de mariage.<\/p>\n<p><strong><span style=\"color: #ff6600;\"><span style=\"color: #00ccff;\">Vous<\/span> <span style=\"color: #00ccff;\">trouverez i<a style=\"color: #00ccff;\" href=\"https:\/\/djbordeauxmariage.com\/?page_id=241\">ci des id\u00e9es d&rsquo;activit\u00e9s<\/a> compl\u00e9mentaires pour impressionner vos convives.<\/span><\/span><\/strong><\/p>\n<p>Nous travaillerons main dans la main avec les autres prestataires tout au long de&nbsp;l\u2019\u00e9v\u00e8nement.<\/p>\n<p>Du d\u00e9but \u00e0 la fin de la soir\u00e9e dansante, le DJ de Mariage vous&nbsp;assure&nbsp;une animation musicale en accord avec vos go\u00fbts et envies du moment.<\/p>\n<blockquote><p><span style=\"color: #00ccff;\">La programmation musicale et la cr\u00e9ation de la <a style=\"color: #00ccff;\" href=\"https:\/\/djbordeauxmariage.com\/?page_id=250\">playlist<\/a> pour votre soir\u00e9e de mariage se fera en partenariat avec notre \u00e9quipe.&nbsp;<\/span><\/p>\n<p>Vous trouverez <a href=\"https:\/\/djbordeauxmariage.com\/?page_id=250\">ici des playlists<\/a> qui vous donneront des id\u00e9es pour les moments cl\u00e9 de votre soir\u00e9e:&nbsp;<\/p>\n<h3 style=\"text-align: center;\"><strong><span style=\"color: #ff6600;\">Entr\u00e9e dans la salle<\/span><\/strong><\/h3>\n<h3 style=\"text-align: center;\"><span style=\"color: #ff6600;\"><span style=\"color: #ff6600;\"><b>Arriv\u00e9e du Gateau \/ Pi\u00e8ce&nbsp;mont\u00e9e<\/b><\/span><\/span><\/h3>\n<h3 style=\"text-align: center;\"><strong><span style=\"color: #ff6600;\">Ouverture du Bal.<\/span><\/strong><\/h3>\n<p><a href=\"https:\/\/djbordeauxmariage.com\/?page_id=18\"><img loading=\"lazy\" decoding=\"async\" class=\"aligncenter wp-image-323 \" src=\"https:\/\/djbordeauxmariage.com\/wp-content\/uploads\/2018\/01\/t\u00e9l\u00e9chargement-1-300x149.jpg\" alt=\"\" width=\"469\" height=\"229\"><\/a><\/p><\/blockquote>\n<p>&nbsp;<\/p>\n<p style=\"text-align: left;\">Mariage <span style=\"color: #00ccff;\">B\u00e9rang\u00e8re &amp; Jonathan 19 Mai 2018<\/span> Chateau de la ligne \u00e0 Lignan de Bordeaux&nbsp;<\/p>\n<p style=\"text-align: left;\">&nbsp;<\/p>\n<p style=\"text-align: center;\">Mariage Chlo\u00e9 et JC le 09 Septembre 2017 au Ch\u00e2teau AGASSAC un grande prestation de djbordeauxmariage :<\/p>\n<div id='gallery-1' class='gallery galleryid-48 gallery-columns-3 gallery-size-thumbnail'><figure class='gallery-item'>\n\t\t\t<div class='gallery-icon portrait'>\n\t\t\t\t<a href='https:\/\/djbordeauxmariage.com\/?attachment_id=145'><img loading=\"lazy\" decoding=\"async\" width=\"150\" height=\"150\" src=\"https:\/\/djbordeauxmariage.com\/wp-content\/uploads\/2015\/04\/2415786_wedshoots-150x150.jpg\" class=\"attachment-thumbnail size-thumbnail\" alt=\"\" \/><\/a>\n\t\t\t<\/div><\/figure><figure class='gallery-item'>\n\t\t\t<div class='gallery-icon portrait'>\n\t\t\t\t<a href='https:\/\/djbordeauxmariage.com\/?attachment_id=146'><img loading=\"lazy\" decoding=\"async\" width=\"150\" height=\"150\" src=\"https:\/\/djbordeauxmariage.com\/wp-content\/uploads\/2015\/04\/2415802_wedshoots-150x150.jpg\" class=\"attachment-thumbnail size-thumbnail\" alt=\"\" \/><\/a>\n\t\t\t<\/div><\/figure><figure class='gallery-item'>\n\t\t\t<div class='gallery-icon landscape'>\n\t\t\t\t<a href='https:\/\/djbordeauxmariage.com\/?attachment_id=147'><img loading=\"lazy\" decoding=\"async\" width=\"150\" height=\"150\" src=\"https:\/\/djbordeauxmariage.com\/wp-content\/uploads\/2015\/04\/2416058_wedshoots-150x150.jpg\" class=\"attachment-thumbnail size-thumbnail\" alt=\"\" \/><\/a>\n\t\t\t<\/div><\/figure><figure class='gallery-item'>\n\t\t\t<div class='gallery-icon landscape'>\n\t\t\t\t<a href='https:\/\/djbordeauxmariage.com\/?attachment_id=148'><img loading=\"lazy\" decoding=\"async\" width=\"150\" height=\"150\" src=\"https:\/\/djbordeauxmariage.com\/wp-content\/uploads\/2015\/04\/2433032_wedshoots-150x150.jpg\" class=\"attachment-thumbnail size-thumbnail\" alt=\"\" \/><\/a>\n\t\t\t<\/div><\/figure><figure class='gallery-item'>\n\t\t\t<div class='gallery-icon landscape'>\n\t\t\t\t<a href='https:\/\/djbordeauxmariage.com\/?attachment_id=149'><img loading=\"lazy\" decoding=\"async\" width=\"150\" height=\"150\" src=\"https:\/\/djbordeauxmariage.com\/wp-content\/uploads\/2015\/04\/2436414_wedshoots-150x150.jpg\" class=\"attachment-thumbnail size-thumbnail\" alt=\"\" \/><\/a>\n\t\t\t<\/div><\/figure><figure class='gallery-item'>\n\t\t\t<div class='gallery-icon landscape'>\n\t\t\t\t<a href='https:\/\/djbordeauxmariage.com\/?attachment_id=150'><img loading=\"lazy\" decoding=\"async\" width=\"150\" height=\"150\" src=\"https:\/\/djbordeauxmariage.com\/wp-content\/uploads\/2015\/04\/2440978_wedshoots-150x150.jpg\" class=\"attachment-thumbnail size-thumbnail\" alt=\"\" \/><\/a>\n\t\t\t<\/div><\/figure><figure class='gallery-item'>\n\t\t\t<div class='gallery-icon portrait'>\n\t\t\t\t<a href='https:\/\/djbordeauxmariage.com\/?attachment_id=151'><img loading=\"lazy\" decoding=\"async\" width=\"150\" height=\"150\" src=\"https:\/\/djbordeauxmariage.com\/wp-content\/uploads\/2015\/04\/2441162_wedshoots-150x150.jpg\" class=\"attachment-thumbnail size-thumbnail\" alt=\"\" \/><\/a>\n\t\t\t<\/div><\/figure>\n\t\t<\/div>\n\n<p>&nbsp;<br \/>\n<script type=\"text\/javascript\" src=\"https:\/\/cdn1.mariages.net\/js\/wp-widget.js\"><\/script><\/p>\n<div id=\"wp-widget-reviews\">\n<div id=\"wp-widget-preview\">Lire <a href=\"https:\/\/www.mariages.net\/musique-mariage\/dj-bordeaux-mariage--e9872\/avis\">nos recommandations <\/a> \u00e0 &nbsp; <a href=\"https:\/\/www.mariages.net\"><img decoding=\"async\" class=\"aligncenter\" src=\"https:\/\/cdn1.mariages.net\/assets\/img\/logos\/gen_logoHeader-fr_FR.png\" height=\"25\"><\/a><\/div>\n<\/div>\n<p><script>wpShowReviews('9872', 'red');<\/script><\/p>\n<p>&nbsp;<\/p>\n\n<div class=\"twitter-share\"><a href=\"https:\/\/twitter.com\/intent\/tweet?via=DjMariage\" class=\"twitter-share-button\" data-size=\"large\">Tweet<\/a><\/div>\n","protected":false},"excerpt":{"rendered":"<p>Nous organisons syst\u00e9matiquement un rendez vous en amont de votre \u00e9v\u00e9nement , afin de personnaliser au maximum la configuration \u00e0 l\u2019ampleur de la prestation. &gt; Nous avons la possibilit\u00e9 de [&hellip;]<\/p>\n","protected":false},"author":1,"featured_media":0,"parent":0,"menu_order":0,"comment_status":"open","ping_status":"open","template":"","meta":{"om_disable_all_campaigns":false,"_monsterinsights_skip_tracking":false,"_monsterinsights_sitenote_active":false,"_monsterinsights_sitenote_note":"","_monsterinsights_sitenote_category":0,"_uf_show_specific_survey":0,"_uf_disable_surveys":false,"ngg_post_thumbnail":0,"footnotes":""},"class_list":["post-48","page","type-page","status-publish","hentry"],"yoast_head":"<!-- This site is optimized with the Yoast SEO plugin v27.5 - https:\/\/yoast.com\/product\/yoast-seo-wordpress\/ -->\n<title>Mariages &#171; Pour des \u00e9v\u00e9nements sur mesure...<\/title>\n<meta name=\"robots\" content=\"index, follow, max-snippet:-1, max-image-preview:large, max-video-preview:-1\" \/>\n<link rel=\"canonical\" href=\"https:\/\/djbordeauxmariage.com\/?page_id=48\" \/>\n<meta property=\"og:locale\" content=\"fr_FR\" \/>\n<meta property=\"og:type\" content=\"article\" \/>\n<meta property=\"og:title\" content=\"Mariages &#171; Pour des \u00e9v\u00e9nements sur mesure...\" \/>\n<meta property=\"og:description\" content=\"Nous organisons syst\u00e9matiquement un rendez vous en amont de votre \u00e9v\u00e9nement , afin de personnaliser au maximum la configuration \u00e0 l\u2019ampleur de la prestation. &gt; Nous avons la possibilit\u00e9 de [&hellip;]\" \/>\n<meta property=\"og:url\" content=\"https:\/\/djbordeauxmariage.com\/?page_id=48\" \/>\n<meta property=\"og:site_name\" content=\"Pour des \u00e9v\u00e9nements sur mesure...\" \/>\n<meta property=\"article:modified_time\" content=\"2023-05-01T09:22:31+00:00\" \/>\n<meta property=\"og:image\" content=\"https:\/\/djbordeauxmariage.com\/wp-content\/uploads\/2015\/04\/2415786_wedshoots-150x150.jpg\" \/>\n<meta name=\"twitter:card\" content=\"summary_large_image\" \/>\n<meta name=\"twitter:site\" content=\"@djmariage\" \/>\n<meta name=\"twitter:label1\" content=\"Dur\u00e9e de lecture estim\u00e9e\" \/>\n\t<meta name=\"twitter:data1\" content=\"3 minutes\" \/>\n<script type=\"application\/ld+json\" class=\"yoast-schema-graph\">{\"@context\":\"https:\\\/\\\/schema.org\",\"@graph\":[{\"@type\":\"WebPage\",\"@id\":\"https:\\\/\\\/djbordeauxmariage.com\\\/?page_id=48\",\"url\":\"https:\\\/\\\/djbordeauxmariage.com\\\/?page_id=48\",\"name\":\"Mariages &#171; Pour des \u00e9v\u00e9nements sur mesure...\",\"isPartOf\":{\"@id\":\"https:\\\/\\\/djbordeauxmariage.com\\\/#website\"},\"primaryImageOfPage\":{\"@id\":\"https:\\\/\\\/djbordeauxmariage.com\\\/?page_id=48#primaryimage\"},\"image\":{\"@id\":\"https:\\\/\\\/djbordeauxmariage.com\\\/?page_id=48#primaryimage\"},\"thumbnailUrl\":\"https:\\\/\\\/djbordeauxmariage.com\\\/wp-content\\\/uploads\\\/2015\\\/04\\\/mariage1-300x200.jpg\",\"datePublished\":\"2015-04-11T12:05:29+00:00\",\"dateModified\":\"2023-05-01T09:22:31+00:00\",\"breadcrumb\":{\"@id\":\"https:\\\/\\\/djbordeauxmariage.com\\\/?page_id=48#breadcrumb\"},\"inLanguage\":\"fr-FR\",\"potentialAction\":[{\"@type\":\"ReadAction\",\"target\":[\"https:\\\/\\\/djbordeauxmariage.com\\\/?page_id=48\"]}]},{\"@type\":\"ImageObject\",\"inLanguage\":\"fr-FR\",\"@id\":\"https:\\\/\\\/djbordeauxmariage.com\\\/?page_id=48#primaryimage\",\"url\":\"https:\\\/\\\/djbordeauxmariage.com\\\/wp-content\\\/uploads\\\/2015\\\/04\\\/mariage1.jpg\",\"contentUrl\":\"https:\\\/\\\/djbordeauxmariage.com\\\/wp-content\\\/uploads\\\/2015\\\/04\\\/mariage1.jpg\",\"width\":700,\"height\":467},{\"@type\":\"BreadcrumbList\",\"@id\":\"https:\\\/\\\/djbordeauxmariage.com\\\/?page_id=48#breadcrumb\",\"itemListElement\":[{\"@type\":\"ListItem\",\"position\":1,\"name\":\"Accueil\",\"item\":\"https:\\\/\\\/djbordeauxmariage.com\\\/\"},{\"@type\":\"ListItem\",\"position\":2,\"name\":\"Mariages\"}]},{\"@type\":\"WebSite\",\"@id\":\"https:\\\/\\\/djbordeauxmariage.com\\\/#website\",\"url\":\"https:\\\/\\\/djbordeauxmariage.com\\\/\",\"name\":\"dj pour votre mariage bordeaux et sa r\u00e9gion\",\"description\":\"cr\u00e9ateur d&#039;\u00e9v\u00e9nements , DJ pour vos mariages\",\"publisher\":{\"@id\":\"https:\\\/\\\/djbordeauxmariage.com\\\/#organization\"},\"alternateName\":\"djmariagebordeaux\",\"potentialAction\":[{\"@type\":\"SearchAction\",\"target\":{\"@type\":\"EntryPoint\",\"urlTemplate\":\"https:\\\/\\\/djbordeauxmariage.com\\\/?s={search_term_string}\"},\"query-input\":{\"@type\":\"PropertyValueSpecification\",\"valueRequired\":true,\"valueName\":\"search_term_string\"}}],\"inLanguage\":\"fr-FR\"},{\"@type\":\"Organization\",\"@id\":\"https:\\\/\\\/djbordeauxmariage.com\\\/#organization\",\"name\":\"djbordeauxmariage\",\"alternateName\":\"djmariagebordeaux\",\"url\":\"https:\\\/\\\/djbordeauxmariage.com\\\/\",\"logo\":{\"@type\":\"ImageObject\",\"inLanguage\":\"fr-FR\",\"@id\":\"https:\\\/\\\/djbordeauxmariage.com\\\/#\\\/schema\\\/logo\\\/image\\\/\",\"url\":\"https:\\\/\\\/djbordeauxmariage.com\\\/wp-content\\\/uploads\\\/2017\\\/09\\\/LOGO-djbordeauxmariage.jpg\",\"contentUrl\":\"https:\\\/\\\/djbordeauxmariage.com\\\/wp-content\\\/uploads\\\/2017\\\/09\\\/LOGO-djbordeauxmariage.jpg\",\"width\":448,\"height\":152,\"caption\":\"djbordeauxmariage\"},\"image\":{\"@id\":\"https:\\\/\\\/djbordeauxmariage.com\\\/#\\\/schema\\\/logo\\\/image\\\/\"},\"sameAs\":[\"https:\\\/\\\/x.com\\\/djmariage\",\"https:\\\/\\\/www.instagram.com\\\/djbordeauxmariage?igsh=MW1xZ283NXI1OGoybw&utm_source=qr\"]}]}<\/script>\n<!-- \/ Yoast SEO plugin. -->","yoast_head_json":{"title":"Mariages &#171; Pour des \u00e9v\u00e9nements sur mesure...","robots":{"index":"index","follow":"follow","max-snippet":"max-snippet:-1","max-image-preview":"max-image-preview:large","max-video-preview":"max-video-preview:-1"},"canonical":"https:\/\/djbordeauxmariage.com\/?page_id=48","og_locale":"fr_FR","og_type":"article","og_title":"Mariages &#171; Pour des \u00e9v\u00e9nements sur mesure...","og_description":"Nous organisons syst\u00e9matiquement un rendez vous en amont de votre \u00e9v\u00e9nement , afin de personnaliser au maximum la configuration \u00e0 l\u2019ampleur de la prestation. &gt; Nous avons la possibilit\u00e9 de [&hellip;]","og_url":"https:\/\/djbordeauxmariage.com\/?page_id=48","og_site_name":"Pour des \u00e9v\u00e9nements sur mesure...","article_modified_time":"2023-05-01T09:22:31+00:00","og_image":[{"url":"https:\/\/djbordeauxmariage.com\/wp-content\/uploads\/2015\/04\/2415786_wedshoots-150x150.jpg","type":"","width":"","height":""}],"twitter_card":"summary_large_image","twitter_site":"@djmariage","twitter_misc":{"Dur\u00e9e de lecture estim\u00e9e":"3 minutes"},"schema":{"@context":"https:\/\/schema.org","@graph":[{"@type":"WebPage","@id":"https:\/\/djbordeauxmariage.com\/?page_id=48","url":"https:\/\/djbordeauxmariage.com\/?page_id=48","name":"Mariages &#171; Pour des \u00e9v\u00e9nements sur mesure...","isPartOf":{"@id":"https:\/\/djbordeauxmariage.com\/#website"},"primaryImageOfPage":{"@id":"https:\/\/djbordeauxmariage.com\/?page_id=48#primaryimage"},"image":{"@id":"https:\/\/djbordeauxmariage.com\/?page_id=48#primaryimage"},"thumbnailUrl":"https:\/\/djbordeauxmariage.com\/wp-content\/uploads\/2015\/04\/mariage1-300x200.jpg","datePublished":"2015-04-11T12:05:29+00:00","dateModified":"2023-05-01T09:22:31+00:00","breadcrumb":{"@id":"https:\/\/djbordeauxmariage.com\/?page_id=48#breadcrumb"},"inLanguage":"fr-FR","potentialAction":[{"@type":"ReadAction","target":["https:\/\/djbordeauxmariage.com\/?page_id=48"]}]},{"@type":"ImageObject","inLanguage":"fr-FR","@id":"https:\/\/djbordeauxmariage.com\/?page_id=48#primaryimage","url":"https:\/\/djbordeauxmariage.com\/wp-content\/uploads\/2015\/04\/mariage1.jpg","contentUrl":"https:\/\/djbordeauxmariage.com\/wp-content\/uploads\/2015\/04\/mariage1.jpg","width":700,"height":467},{"@type":"BreadcrumbList","@id":"https:\/\/djbordeauxmariage.com\/?page_id=48#breadcrumb","itemListElement":[{"@type":"ListItem","position":1,"name":"Accueil","item":"https:\/\/djbordeauxmariage.com\/"},{"@type":"ListItem","position":2,"name":"Mariages"}]},{"@type":"WebSite","@id":"https:\/\/djbordeauxmariage.com\/#website","url":"https:\/\/djbordeauxmariage.com\/","name":"dj pour votre mariage bordeaux et sa r\u00e9gion","description":"cr\u00e9ateur d&#039;\u00e9v\u00e9nements , DJ pour vos mariages","publisher":{"@id":"https:\/\/djbordeauxmariage.com\/#organization"},"alternateName":"djmariagebordeaux","potentialAction":[{"@type":"SearchAction","target":{"@type":"EntryPoint","urlTemplate":"https:\/\/djbordeauxmariage.com\/?s={search_term_string}"},"query-input":{"@type":"PropertyValueSpecification","valueRequired":true,"valueName":"search_term_string"}}],"inLanguage":"fr-FR"},{"@type":"Organization","@id":"https:\/\/djbordeauxmariage.com\/#organization","name":"djbordeauxmariage","alternateName":"djmariagebordeaux","url":"https:\/\/djbordeauxmariage.com\/","logo":{"@type":"ImageObject","inLanguage":"fr-FR","@id":"https:\/\/djbordeauxmariage.com\/#\/schema\/logo\/image\/","url":"https:\/\/djbordeauxmariage.com\/wp-content\/uploads\/2017\/09\/LOGO-djbordeauxmariage.jpg","contentUrl":"https:\/\/djbordeauxmariage.com\/wp-content\/uploads\/2017\/09\/LOGO-djbordeauxmariage.jpg","width":448,"height":152,"caption":"djbordeauxmariage"},"image":{"@id":"https:\/\/djbordeauxmariage.com\/#\/schema\/logo\/image\/"},"sameAs":["https:\/\/x.com\/djmariage","https:\/\/www.instagram.com\/djbordeauxmariage?igsh=MW1xZ283NXI1OGoybw&utm_source=qr"]}]}},"_links":{"self":[{"href":"https:\/\/djbordeauxmariage.com\/index.php?rest_route=\/wp\/v2\/pages\/48","targetHints":{"allow":["GET"]}}],"collection":[{"href":"https:\/\/djbordeauxmariage.com\/index.php?rest_route=\/wp\/v2\/pages"}],"about":[{"href":"https:\/\/djbordeauxmariage.com\/index.php?rest_route=\/wp\/v2\/types\/page"}],"author":[{"embeddable":true,"href":"https:\/\/djbordeauxmariage.com\/index.php?rest_route=\/wp\/v2\/users\/1"}],"replies":[{"embeddable":true,"href":"https:\/\/djbordeauxmariage.com\/index.php?rest_route=%2Fwp%2Fv2%2Fcomments&post=48"}],"version-history":[{"count":18,"href":"https:\/\/djbordeauxmariage.com\/index.php?rest_route=\/wp\/v2\/pages\/48\/revisions"}],"predecessor-version":[{"id":747,"href":"https:\/\/djbordeauxmariage.com\/index.php?rest_route=\/wp\/v2\/pages\/48\/revisions\/747"}],"wp:attachment":[{"href":"https:\/\/djbordeauxmariage.com\/index.php?rest_route=%2Fwp%2Fv2%2Fmedia&parent=48"}],"curies":[{"name":"wp","href":"https:\/\/api.w.org\/{rel}","templated":true}]}}