{"id":31,"date":"2015-04-10T14:56:26","date_gmt":"2015-04-10T14:56:26","guid":{"rendered":"http:\/\/djbordeauxmariage.com\/?page_id=31"},"modified":"2023-04-27T11:33:54","modified_gmt":"2023-04-27T11:33:54","slug":"materiel","status":"publish","type":"page","link":"https:\/\/djbordeauxmariage.com\/?page_id=31","title":{"rendered":"Mat\u00e9riel"},"content":{"rendered":"<p style=\"text-align: center;\"><span style=\"color: #000000;\">Nous utilisons uniquement du mat\u00e9riel de qualit\u00e9 professionnelle ( Marques Pioneer DJ \/ Bose ) permettant de sonoriser et mettre en lumi\u00e8re&nbsp; des \u00e9v\u00e9nements de 50 \u00e0 500 personnes.<\/span><\/p>\n<h1 style=\"text-align: center;\"><span style=\"text-decoration: underline; font-family: impact, sans-serif; color: #00ccff;\">Sonorisation :<\/span><\/h1>\n<p style=\"text-align: center;\">Pour la diffusion sonore une Nouvelle r\u00e9gie Pioneer DJ OPUS QUAD (nouveaut\u00e9 2023 !)<\/p>\n<p><a href=\"https:\/\/djbordeauxmariage.com\/wp-content\/uploads\/2023\/04\/OPUS-QUAD-OK.png\"><img loading=\"lazy\" decoding=\"async\" class=\"wp-image-713 aligncenter\" src=\"https:\/\/djbordeauxmariage.com\/wp-content\/uploads\/2023\/04\/OPUS-QUAD-OK-300x220.png\" alt=\"\" width=\"649\" height=\"476\" srcset=\"https:\/\/djbordeauxmariage.com\/wp-content\/uploads\/2023\/04\/OPUS-QUAD-OK-300x220.png 300w, https:\/\/djbordeauxmariage.com\/wp-content\/uploads\/2023\/04\/OPUS-QUAD-OK-1024x752.png 1024w, https:\/\/djbordeauxmariage.com\/wp-content\/uploads\/2023\/04\/OPUS-QUAD-OK-768x564.png 768w, https:\/\/djbordeauxmariage.com\/wp-content\/uploads\/2023\/04\/OPUS-QUAD-OK-1536x1128.png 1536w, https:\/\/djbordeauxmariage.com\/wp-content\/uploads\/2023\/04\/OPUS-QUAD-OK.png 1792w\" sizes=\"auto, (max-width: 649px) 100vw, 649px\" \/><\/a><a href=\"https:\/\/djbordeauxmariage.com\/wp-content\/uploads\/2023\/04\/OPUS-QUAD1.jpg\"><img loading=\"lazy\" decoding=\"async\" class=\" wp-image-709 aligncenter\" src=\"https:\/\/djbordeauxmariage.com\/wp-content\/uploads\/2023\/04\/OPUS-QUAD1-300x169.jpg\" alt=\"\" width=\"493\" height=\"278\" srcset=\"https:\/\/djbordeauxmariage.com\/wp-content\/uploads\/2023\/04\/OPUS-QUAD1-300x169.jpg 300w, https:\/\/djbordeauxmariage.com\/wp-content\/uploads\/2023\/04\/OPUS-QUAD1-1024x576.jpg 1024w, https:\/\/djbordeauxmariage.com\/wp-content\/uploads\/2023\/04\/OPUS-QUAD1-768x432.jpg 768w, https:\/\/djbordeauxmariage.com\/wp-content\/uploads\/2023\/04\/OPUS-QUAD1-1536x864.jpg 1536w, https:\/\/djbordeauxmariage.com\/wp-content\/uploads\/2023\/04\/OPUS-QUAD1.jpg 1920w\" sizes=\"auto, (max-width: 493px) 100vw, 493px\" \/><\/a><\/p>\n<p style=\"text-align: center;\">Gestion des Playlists avec le logiciel REKORDBOX DJ De Pioneer , une playlist personnalis\u00e9e sera cr\u00e9e pour chaque \u00e9v\u00e9nement :<\/p>\n<p style=\"text-align: center;\"><a href=\"https:\/\/djbordeauxmariage.com\/wp-content\/uploads\/2022\/04\/rekordbox-6-main.png\"><img loading=\"lazy\" decoding=\"async\" class=\"alignnone  wp-image-692\" src=\"https:\/\/djbordeauxmariage.com\/wp-content\/uploads\/2022\/04\/rekordbox-6-main-300x158.png\" alt=\"\" width=\"969\" height=\"510\" srcset=\"https:\/\/djbordeauxmariage.com\/wp-content\/uploads\/2022\/04\/rekordbox-6-main-300x158.png 300w, https:\/\/djbordeauxmariage.com\/wp-content\/uploads\/2022\/04\/rekordbox-6-main-1024x538.png 1024w, https:\/\/djbordeauxmariage.com\/wp-content\/uploads\/2022\/04\/rekordbox-6-main-768x403.png 768w, https:\/\/djbordeauxmariage.com\/wp-content\/uploads\/2022\/04\/rekordbox-6-main-450x236.png 450w, https:\/\/djbordeauxmariage.com\/wp-content\/uploads\/2022\/04\/rekordbox-6-main.png 1200w\" sizes=\"auto, (max-width: 969px) 100vw, 969px\" \/><\/a><\/p>\n<p style=\"text-align: center;\">Pour la diffusion sonore nous travaillons avec des 2 <span style=\"text-decoration: underline;\">syst\u00e8mes BOSE L1 PRO 32 + SUB 2 Complets <\/span>: puissance totale&nbsp;avoisinant les <strong>3000W RMS<\/strong>.<\/p>\n<p>Cela permet de sonoriser tout type d\u2019\u00e9v\u00e9nement de<span style=\"text-decoration: underline;\"> 50 \u00e0 500 personnes<\/span> avec une qualit\u00e9 sonore impressionnante : Qualit\u00e9 BOSE<\/p>\n<p>&nbsp;<\/p>\n<p>&nbsp;<\/p>\n<center><iframe loading=\"lazy\" title=\"YouTube video player\" src=\"\/\/www.youtube.com\/embed\/sOLThZJXLi8\" width=\"600\" height=\"400\" frameborder=\"0\" allowfullscreen=\"allowfullscreen\"><\/iframe><\/center>\n<p>&nbsp;<\/p>\n<p style=\"text-align: center;\"><a href=\"https:\/\/djbordeauxmariage.com\/wp-content\/uploads\/2022\/04\/bose-l1-pro32-avec-sub2.png\"><img loading=\"lazy\" decoding=\"async\" class=\"alignnone  wp-image-689\" src=\"https:\/\/djbordeauxmariage.com\/wp-content\/uploads\/2022\/04\/bose-l1-pro32-avec-sub2-300x300.png\" alt=\"\" width=\"614\" height=\"614\" srcset=\"https:\/\/djbordeauxmariage.com\/wp-content\/uploads\/2022\/04\/bose-l1-pro32-avec-sub2-300x300.png 300w, https:\/\/djbordeauxmariage.com\/wp-content\/uploads\/2022\/04\/bose-l1-pro32-avec-sub2-150x150.png 150w, https:\/\/djbordeauxmariage.com\/wp-content\/uploads\/2022\/04\/bose-l1-pro32-avec-sub2-768x768.png 768w, https:\/\/djbordeauxmariage.com\/wp-content\/uploads\/2022\/04\/bose-l1-pro32-avec-sub2-450x450.png 450w, https:\/\/djbordeauxmariage.com\/wp-content\/uploads\/2022\/04\/bose-l1-pro32-avec-sub2.png 800w\" sizes=\"auto, (max-width: 614px) 100vw, 614px\" \/><\/a><\/p>\n<p style=\"text-align: center;\">&nbsp;<\/p>\n<p style=\"text-align: center;\"><a href=\"https:\/\/djbordeauxmariage.com\/wp-content\/uploads\/2015\/04\/didji.jpg\"><img loading=\"lazy\" decoding=\"async\" class=\" wp-image-10 aligncenter\" src=\"https:\/\/djbordeauxmariage.com\/wp-content\/uploads\/2015\/04\/didji-300x144.jpg\" alt=\"didji\" width=\"457\" height=\"220\" srcset=\"https:\/\/djbordeauxmariage.com\/wp-content\/uploads\/2015\/04\/didji-300x144.jpg 300w, https:\/\/djbordeauxmariage.com\/wp-content\/uploads\/2015\/04\/didji-450x216.jpg 450w, https:\/\/djbordeauxmariage.com\/wp-content\/uploads\/2015\/04\/didji.jpg 650w\" sizes=\"auto, (max-width: 457px) 100vw, 457px\" \/><\/a><\/p>\n<p style=\"text-align: center;\">Nous fournissons \u00e9galement un micro sans fil pour discours (si besoin) ainsi qu&rsquo;un c\u00e2ble jack permettant si besoin de diffuser de la musique provenant d&rsquo;un t\u00e9l\u00e9phone\/lecteur mp3.<\/p>\n<h1 style=\"text-align: center;\"><span style=\"text-decoration: underline; font-family: impact, sans-serif; color: #00ccff;\">\u00c9clairages :<\/span><\/h1>\n<p style=\"text-align: center;\">Eclairage complet de la piste de danse avec diff\u00e9rents jeux de lumi\u00e8res professionnels (scanner \/ lyres \/ lasers \/etc)<\/p>\n<p style=\"text-align: center;\">Machine \u00e0 fum\u00e9e professionnelle qui met en \u00e9vidence les \u00e9clairages de la piste de danse.<\/p>\n<p style=\"text-align: center;\">Un \u00e9clairage de la salle sera possible avec des spots LED + l&rsquo;\u00e9clairage de la piste de danse ainsi que la fum\u00e9e.<\/p>\n<p style=\"text-align: center;\"><a href=\"https:\/\/djbordeauxmariage.com\/wp-content\/uploads\/2018\/01\/eclairage-3.jpg\"><img loading=\"lazy\" decoding=\"async\" class=\"aligncenter size-medium wp-image-304\" src=\"https:\/\/djbordeauxmariage.com\/wp-content\/uploads\/2018\/01\/eclairage-3-300x148.jpg\" alt=\"\" width=\"300\" height=\"148\" srcset=\"https:\/\/djbordeauxmariage.com\/wp-content\/uploads\/2018\/01\/eclairage-3-300x148.jpg 300w, https:\/\/djbordeauxmariage.com\/wp-content\/uploads\/2018\/01\/eclairage-3-768x378.jpg 768w, https:\/\/djbordeauxmariage.com\/wp-content\/uploads\/2018\/01\/eclairage-3.jpg 1024w, https:\/\/djbordeauxmariage.com\/wp-content\/uploads\/2018\/01\/eclairage-3-660x325.jpg 660w\" sizes=\"auto, (max-width: 300px) 100vw, 300px\" \/><\/a> <a href=\"https:\/\/djbordeauxmariage.com\/wp-content\/uploads\/2018\/01\/eclairage-salle-mariage-83-1.jpg\"><img loading=\"lazy\" decoding=\"async\" class=\"aligncenter size-medium wp-image-306\" src=\"https:\/\/djbordeauxmariage.com\/wp-content\/uploads\/2018\/01\/eclairage-salle-mariage-83-1-300x300.jpg\" alt=\"\" width=\"300\" height=\"300\" srcset=\"https:\/\/djbordeauxmariage.com\/wp-content\/uploads\/2018\/01\/eclairage-salle-mariage-83-1-300x300.jpg 300w, https:\/\/djbordeauxmariage.com\/wp-content\/uploads\/2018\/01\/eclairage-salle-mariage-83-1-150x150.jpg 150w, https:\/\/djbordeauxmariage.com\/wp-content\/uploads\/2018\/01\/eclairage-salle-mariage-83-1-768x768.jpg 768w, https:\/\/djbordeauxmariage.com\/wp-content\/uploads\/2018\/01\/eclairage-salle-mariage-83-1-660x660.jpg 660w, https:\/\/djbordeauxmariage.com\/wp-content\/uploads\/2018\/01\/eclairage-salle-mariage-83-1.jpg 960w\" sizes=\"auto, (max-width: 300px) 100vw, 300px\" \/><\/a> <a href=\"https:\/\/djbordeauxmariage.com\/wp-content\/uploads\/2018\/01\/cfb_29093.jpg\"><img loading=\"lazy\" decoding=\"async\" class=\"aligncenter size-medium wp-image-307\" src=\"https:\/\/djbordeauxmariage.com\/wp-content\/uploads\/2018\/01\/cfb_29093-300x200.jpg\" alt=\"\" width=\"300\" height=\"200\" srcset=\"https:\/\/djbordeauxmariage.com\/wp-content\/uploads\/2018\/01\/cfb_29093-300x200.jpg 300w, https:\/\/djbordeauxmariage.com\/wp-content\/uploads\/2018\/01\/cfb_29093-200x133.jpg 200w, https:\/\/djbordeauxmariage.com\/wp-content\/uploads\/2018\/01\/cfb_29093.jpg 600w\" sizes=\"auto, (max-width: 300px) 100vw, 300px\" \/><\/a><\/p>\n<h1 style=\"text-align: center;\"><span style=\"text-decoration: underline; font-family: impact, sans-serif; color: #00ccff;\">Jets de sc\u00e8ne pour vos moments forts :<\/span><\/h1>\n<p style=\"text-align: center;\">Le d\u00e9clencheur ou jet de sc\u00e8ne est un socle auto-aliment\u00e9 sur lequel repose la recharge de l\u2019artifice froid.<\/p>\n<p style=\"text-align: center;\">La recharge de l\u2019artifice permet de faire un &nbsp;\u00bb jet &nbsp;\u00bb de 3 M de haut durant 30 secondes et ce jet se coupe tout seul au bout de 30 secondes.<\/p>\n<p style=\"text-align: center;\">tout ca est reli\u00e9 sans fil \u00e0 une t\u00e9l\u00e9commande qui permet le d\u00e9clenchement. <strong><span style=\"color: #ff6600;\">Cf vid\u00e9o ci dessous<\/span><\/strong><\/p>\n<p style=\"text-align: center;\">L\u2019important ici est de savoir \u00e0 quel moment vous souhaitez vous servir des jets de scene:<\/p>\n<ul>\n<li style=\"text-align: center;\">Ouverture de bal= 30 secondes d\u2019artifice<\/li>\n<li style=\"text-align: center;\">Accueil des mari\u00e9s = 30 secondes d\u2019artifice<\/li>\n<li style=\"text-align: center;\">A l\u2019arriv\u00e9e du dessert \/ pi\u00e8ce mont\u00e9e = 30 secondes d\u2019artifice<\/li>\n<li style=\"text-align: center;\">Sur la piste de danse lorsque l\u2019ambiance monte = 30 secondes d\u2019artifice<\/li>\n<\/ul>\n<p style=\"text-align: center;\">La location fonctionne par 2. Vous pouvez louer 2, 4, 6,8, 10 jets de scenes.<\/p>\n<p>&nbsp;<\/p>\n<p><video controls=\"controls\" width=\"300\" height=\"150\"><source src=\"https:\/\/www.instagram.com\/tv\/CcK6wn-qafr\/?utm_source=ig_web_copy_link\"><\/video><\/p>\n<p><iframe loading=\"lazy\" hcb-fetch-image-from=\"https:\/\/youtu.be\/RqMJZAb5Qa4\" title=\"Feu d&#039;artifice : jets de sc\u00e8ne 20 secondes ARGENT\" width=\"1170\" height=\"658\" src=\"https:\/\/www.youtube.com\/embed\/RqMJZAb5Qa4?feature=oembed\" frameborder=\"0\" allow=\"accelerometer; autoplay; clipboard-write; encrypted-media; gyroscope; picture-in-picture; web-share\" allowfullscreen><\/iframe><\/p>\n<p>&nbsp;<\/p>\n<h1 style=\"text-align: center;\"><span style=\"text-decoration: underline; font-family: impact, sans-serif; color: #ff6600;\">Vid\u00e9oprojection :<\/span><\/h1>\n<p style=\"text-align: center;\">Nous incluons dans chacune de nos prestations le service de vid\u00e9oprojection.<\/p>\n<p style=\"text-align: center;\"><span style=\"text-decoration: underline; color: #ff0000;\"><a href=\"https:\/\/djbordeauxmariage.com\/wp-content\/uploads\/2018\/10\/acer_p1201_s0312313420973_1302679285369.jpg\"><img loading=\"lazy\" decoding=\"async\" class=\"aligncenter size-medium wp-image-457\" src=\"https:\/\/djbordeauxmariage.com\/wp-content\/uploads\/2018\/10\/acer_p1201_s0312313420973_1302679285369-300x200.jpg\" alt=\"\" width=\"300\" height=\"200\" srcset=\"https:\/\/djbordeauxmariage.com\/wp-content\/uploads\/2018\/10\/acer_p1201_s0312313420973_1302679285369-300x200.jpg 300w, https:\/\/djbordeauxmariage.com\/wp-content\/uploads\/2018\/10\/acer_p1201_s0312313420973_1302679285369.jpg 450w\" sizes=\"auto, (max-width: 300px) 100vw, 300px\" \/><\/a><\/span><\/p>\n<p style=\"text-align: center;\">Cela permettra la diffusions de vos m\u00e9dias sur grand \u00e9cran.<\/p>\n<p style=\"text-align: center;\"><span style=\"text-decoration: underline; color: #ff0000;\"><a href=\"https:\/\/djbordeauxmariage.com\/wp-content\/uploads\/2015\/04\/2436414_wedshoots.jpg\"><img loading=\"lazy\" decoding=\"async\" class=\"aligncenter size-medium wp-image-149\" src=\"https:\/\/djbordeauxmariage.com\/wp-content\/uploads\/2015\/04\/2436414_wedshoots-300x225.jpg\" alt=\"\" width=\"300\" height=\"225\" srcset=\"https:\/\/djbordeauxmariage.com\/wp-content\/uploads\/2015\/04\/2436414_wedshoots-300x225.jpg 300w, https:\/\/djbordeauxmariage.com\/wp-content\/uploads\/2015\/04\/2436414_wedshoots-768x576.jpg 768w, https:\/\/djbordeauxmariage.com\/wp-content\/uploads\/2015\/04\/2436414_wedshoots-1024x768.jpg 1024w, https:\/\/djbordeauxmariage.com\/wp-content\/uploads\/2015\/04\/2436414_wedshoots-660x495.jpg 660w\" sizes=\"auto, (max-width: 300px) 100vw, 300px\" \/><\/a><\/span><\/p>\n<blockquote>\n<p><strong><span style=\"color: #ff6600;\">! Attention , nous ne fournissons pas l&rsquo;\u00e9cran pour diffuser donc merci de s&rsquo;assurer que la salle en est \u00e9quip\u00e9e ou bien pr\u00e9voir la location :<\/span><\/strong><\/p>\n<\/blockquote>\n<p style=\"text-align: center;\">Pour louer un \u00e9cran pour vos projections sur Bordeaux &amp; sa r\u00e9gion (cliquer sue le logo) :<\/p>\n<p style=\"text-align: center;\"><a href=\"https:\/\/www.reflechi-son.fr\/catalogue-location\/video\/videoprojection\/stumpfl-ecran-300x225\/\"><img loading=\"lazy\" decoding=\"async\" class=\"lazy-loaded aligncenter wp-image-329 size-medium\" src=\"https:\/\/djbordeauxmariage.com\/wp-content\/uploads\/2018\/04\/reflechison-300x61.png\" sizes=\"auto, (max-width: 300px) 100vw, 300px\" srcset=\"https:\/\/djbordeauxmariage.com\/wp-content\/uploads\/2018\/04\/reflechison-300x61.png 300w, https:\/\/djbordeauxmariage.com\/wp-content\/uploads\/2018\/04\/reflechison.png 476w\" alt=\"\" width=\"300\" height=\"61\" data-lazy-type=\"image\" data-src=\"https:\/\/djbordeauxmariage.com\/wp-content\/uploads\/2018\/04\/reflechison-300x61.png\" data-srcset=\"\"><\/a><\/p>\n<h1 style=\"text-align: center;\"><span style=\"text-decoration: underline; font-family: impact, sans-serif; color: #ff6600;\">Sonorisation portable sur batterie:<\/span><\/h1>\n<table style=\"border-collapse: collapse; width: 100%;\">\n<tbody>\n<tr>\n<td style=\"width: 100%; text-align: center;\"><a href=\"https:\/\/djbordeauxmariage.com\/wp-content\/uploads\/2020\/04\/alto.jpg\"><img loading=\"lazy\" decoding=\"async\" class=\"aligncenter size-medium wp-image-624\" src=\"https:\/\/djbordeauxmariage.com\/wp-content\/uploads\/2020\/04\/alto-162x300.jpg\" alt=\"ALTO\" width=\"162\" height=\"300\" srcset=\"https:\/\/djbordeauxmariage.com\/wp-content\/uploads\/2020\/04\/alto-162x300.jpg 162w, https:\/\/djbordeauxmariage.com\/wp-content\/uploads\/2020\/04\/alto.jpg 324w\" sizes=\"auto, (max-width: 162px) 100vw, 162px\" \/><\/a><\/td>\n<\/tr>\n<\/tbody>\n<\/table>\n<p>&nbsp;<\/p>\n<p style=\"text-align: center;\">Notre enceinte sans fil, dispose d&rsquo;une batterie avec une tr\u00e8s grande autonomie permettant de sonoriser des lieux sans \u00e9lectricit\u00e9. Pratique par exemple dans le cadre d&rsquo;une c\u00e9r\u00e9monie la\u00efque ou un cocktail en ext\u00e9rieur et ce m\u00eame avec des centaines d&rsquo;invit\u00e9s.<\/p>\n<p style=\"text-align: center;\">&nbsp;<\/p>\n<p>&nbsp;<\/p>\n\n\n<div class=\"twitter-share\"><a href=\"https:\/\/twitter.com\/intent\/tweet?hashtags=mat%C3%A9riel%20dj%20bordeaux%20mariage&#038;via=DjMariage\" class=\"twitter-share-button\" data-size=\"large\">Tweet<\/a><\/div>\n","protected":false},"excerpt":{"rendered":"<p>Nous utilisons uniquement du mat\u00e9riel de qualit\u00e9 professionnelle ( Marques Pioneer DJ \/ Bose ) permettant de sonoriser et mettre en lumi\u00e8re&nbsp; des \u00e9v\u00e9nements de 50 \u00e0 500 personnes. Sonorisation [&hellip;]<\/p>\n","protected":false},"author":1,"featured_media":0,"parent":0,"menu_order":0,"comment_status":"open","ping_status":"open","template":"","meta":{"om_disable_all_campaigns":false,"_monsterinsights_skip_tracking":false,"_monsterinsights_sitenote_active":false,"_monsterinsights_sitenote_note":"","_monsterinsights_sitenote_category":0,"_uf_show_specific_survey":0,"_uf_disable_surveys":false,"ngg_post_thumbnail":0,"footnotes":""},"class_list":["post-31","page","type-page","status-publish","hentry"],"yoast_head":"<!-- This site is optimized with the Yoast SEO plugin v27.5 - https:\/\/yoast.com\/product\/yoast-seo-wordpress\/ -->\n<title>Mat\u00e9riel &#171; Pour des \u00e9v\u00e9nements sur mesure...<\/title>\n<meta name=\"robots\" content=\"index, follow, max-snippet:-1, max-image-preview:large, max-video-preview:-1\" \/>\n<link rel=\"canonical\" href=\"https:\/\/djbordeauxmariage.com\/?page_id=31\" \/>\n<meta property=\"og:locale\" content=\"fr_FR\" \/>\n<meta property=\"og:type\" content=\"article\" \/>\n<meta property=\"og:title\" content=\"Mat\u00e9riel &#171; Pour des \u00e9v\u00e9nements sur mesure...\" \/>\n<meta property=\"og:description\" content=\"Nous utilisons uniquement du mat\u00e9riel de qualit\u00e9 professionnelle ( Marques Pioneer DJ \/ Bose ) permettant de sonoriser et mettre en lumi\u00e8re&nbsp; des \u00e9v\u00e9nements de 50 \u00e0 500 personnes. Sonorisation [&hellip;]\" \/>\n<meta property=\"og:url\" content=\"https:\/\/djbordeauxmariage.com\/?page_id=31\" \/>\n<meta property=\"og:site_name\" content=\"Pour des \u00e9v\u00e9nements sur mesure...\" \/>\n<meta property=\"article:modified_time\" content=\"2023-04-27T11:33:54+00:00\" \/>\n<meta property=\"og:image\" content=\"https:\/\/djbordeauxmariage.com\/wp-content\/uploads\/2023\/04\/OPUS-QUAD-OK-300x220.png\" \/>\n<meta name=\"twitter:card\" content=\"summary_large_image\" \/>\n<meta name=\"twitter:site\" content=\"@djmariage\" \/>\n<meta name=\"twitter:label1\" content=\"Dur\u00e9e de lecture estim\u00e9e\" \/>\n\t<meta name=\"twitter:data1\" content=\"5 minutes\" \/>\n<script type=\"application\/ld+json\" class=\"yoast-schema-graph\">{\"@context\":\"https:\\\/\\\/schema.org\",\"@graph\":[{\"@type\":\"WebPage\",\"@id\":\"https:\\\/\\\/djbordeauxmariage.com\\\/?page_id=31\",\"url\":\"https:\\\/\\\/djbordeauxmariage.com\\\/?page_id=31\",\"name\":\"Mat\u00e9riel &#171; Pour des \u00e9v\u00e9nements sur mesure...\",\"isPartOf\":{\"@id\":\"https:\\\/\\\/djbordeauxmariage.com\\\/#website\"},\"primaryImageOfPage\":{\"@id\":\"https:\\\/\\\/djbordeauxmariage.com\\\/?page_id=31#primaryimage\"},\"image\":{\"@id\":\"https:\\\/\\\/djbordeauxmariage.com\\\/?page_id=31#primaryimage\"},\"thumbnailUrl\":\"https:\\\/\\\/djbordeauxmariage.com\\\/wp-content\\\/uploads\\\/2023\\\/04\\\/OPUS-QUAD-OK-300x220.png\",\"datePublished\":\"2015-04-10T14:56:26+00:00\",\"dateModified\":\"2023-04-27T11:33:54+00:00\",\"breadcrumb\":{\"@id\":\"https:\\\/\\\/djbordeauxmariage.com\\\/?page_id=31#breadcrumb\"},\"inLanguage\":\"fr-FR\",\"potentialAction\":[{\"@type\":\"ReadAction\",\"target\":[\"https:\\\/\\\/djbordeauxmariage.com\\\/?page_id=31\"]}]},{\"@type\":\"ImageObject\",\"inLanguage\":\"fr-FR\",\"@id\":\"https:\\\/\\\/djbordeauxmariage.com\\\/?page_id=31#primaryimage\",\"url\":\"https:\\\/\\\/djbordeauxmariage.com\\\/wp-content\\\/uploads\\\/2023\\\/04\\\/OPUS-QUAD-OK.png\",\"contentUrl\":\"https:\\\/\\\/djbordeauxmariage.com\\\/wp-content\\\/uploads\\\/2023\\\/04\\\/OPUS-QUAD-OK.png\",\"width\":1792,\"height\":1316},{\"@type\":\"BreadcrumbList\",\"@id\":\"https:\\\/\\\/djbordeauxmariage.com\\\/?page_id=31#breadcrumb\",\"itemListElement\":[{\"@type\":\"ListItem\",\"position\":1,\"name\":\"Accueil\",\"item\":\"https:\\\/\\\/djbordeauxmariage.com\\\/\"},{\"@type\":\"ListItem\",\"position\":2,\"name\":\"Mat\u00e9riel\"}]},{\"@type\":\"WebSite\",\"@id\":\"https:\\\/\\\/djbordeauxmariage.com\\\/#website\",\"url\":\"https:\\\/\\\/djbordeauxmariage.com\\\/\",\"name\":\"dj pour votre mariage bordeaux et sa r\u00e9gion\",\"description\":\"cr\u00e9ateur d&#039;\u00e9v\u00e9nements , DJ pour vos mariages\",\"publisher\":{\"@id\":\"https:\\\/\\\/djbordeauxmariage.com\\\/#organization\"},\"alternateName\":\"djmariagebordeaux\",\"potentialAction\":[{\"@type\":\"SearchAction\",\"target\":{\"@type\":\"EntryPoint\",\"urlTemplate\":\"https:\\\/\\\/djbordeauxmariage.com\\\/?s={search_term_string}\"},\"query-input\":{\"@type\":\"PropertyValueSpecification\",\"valueRequired\":true,\"valueName\":\"search_term_string\"}}],\"inLanguage\":\"fr-FR\"},{\"@type\":\"Organization\",\"@id\":\"https:\\\/\\\/djbordeauxmariage.com\\\/#organization\",\"name\":\"djbordeauxmariage\",\"alternateName\":\"djmariagebordeaux\",\"url\":\"https:\\\/\\\/djbordeauxmariage.com\\\/\",\"logo\":{\"@type\":\"ImageObject\",\"inLanguage\":\"fr-FR\",\"@id\":\"https:\\\/\\\/djbordeauxmariage.com\\\/#\\\/schema\\\/logo\\\/image\\\/\",\"url\":\"https:\\\/\\\/djbordeauxmariage.com\\\/wp-content\\\/uploads\\\/2017\\\/09\\\/LOGO-djbordeauxmariage.jpg\",\"contentUrl\":\"https:\\\/\\\/djbordeauxmariage.com\\\/wp-content\\\/uploads\\\/2017\\\/09\\\/LOGO-djbordeauxmariage.jpg\",\"width\":448,\"height\":152,\"caption\":\"djbordeauxmariage\"},\"image\":{\"@id\":\"https:\\\/\\\/djbordeauxmariage.com\\\/#\\\/schema\\\/logo\\\/image\\\/\"},\"sameAs\":[\"https:\\\/\\\/x.com\\\/djmariage\",\"https:\\\/\\\/www.instagram.com\\\/djbordeauxmariage?igsh=MW1xZ283NXI1OGoybw&utm_source=qr\"]}]}<\/script>\n<!-- \/ Yoast SEO plugin. -->","yoast_head_json":{"title":"Mat\u00e9riel &#171; Pour des \u00e9v\u00e9nements sur mesure...","robots":{"index":"index","follow":"follow","max-snippet":"max-snippet:-1","max-image-preview":"max-image-preview:large","max-video-preview":"max-video-preview:-1"},"canonical":"https:\/\/djbordeauxmariage.com\/?page_id=31","og_locale":"fr_FR","og_type":"article","og_title":"Mat\u00e9riel &#171; Pour des \u00e9v\u00e9nements sur mesure...","og_description":"Nous utilisons uniquement du mat\u00e9riel de qualit\u00e9 professionnelle ( Marques Pioneer DJ \/ Bose ) permettant de sonoriser et mettre en lumi\u00e8re&nbsp; des \u00e9v\u00e9nements de 50 \u00e0 500 personnes. Sonorisation [&hellip;]","og_url":"https:\/\/djbordeauxmariage.com\/?page_id=31","og_site_name":"Pour des \u00e9v\u00e9nements sur mesure...","article_modified_time":"2023-04-27T11:33:54+00:00","og_image":[{"url":"https:\/\/djbordeauxmariage.com\/wp-content\/uploads\/2023\/04\/OPUS-QUAD-OK-300x220.png","type":"","width":"","height":""}],"twitter_card":"summary_large_image","twitter_site":"@djmariage","twitter_misc":{"Dur\u00e9e de lecture estim\u00e9e":"5 minutes"},"schema":{"@context":"https:\/\/schema.org","@graph":[{"@type":"WebPage","@id":"https:\/\/djbordeauxmariage.com\/?page_id=31","url":"https:\/\/djbordeauxmariage.com\/?page_id=31","name":"Mat\u00e9riel &#171; Pour des \u00e9v\u00e9nements sur mesure...","isPartOf":{"@id":"https:\/\/djbordeauxmariage.com\/#website"},"primaryImageOfPage":{"@id":"https:\/\/djbordeauxmariage.com\/?page_id=31#primaryimage"},"image":{"@id":"https:\/\/djbordeauxmariage.com\/?page_id=31#primaryimage"},"thumbnailUrl":"https:\/\/djbordeauxmariage.com\/wp-content\/uploads\/2023\/04\/OPUS-QUAD-OK-300x220.png","datePublished":"2015-04-10T14:56:26+00:00","dateModified":"2023-04-27T11:33:54+00:00","breadcrumb":{"@id":"https:\/\/djbordeauxmariage.com\/?page_id=31#breadcrumb"},"inLanguage":"fr-FR","potentialAction":[{"@type":"ReadAction","target":["https:\/\/djbordeauxmariage.com\/?page_id=31"]}]},{"@type":"ImageObject","inLanguage":"fr-FR","@id":"https:\/\/djbordeauxmariage.com\/?page_id=31#primaryimage","url":"https:\/\/djbordeauxmariage.com\/wp-content\/uploads\/2023\/04\/OPUS-QUAD-OK.png","contentUrl":"https:\/\/djbordeauxmariage.com\/wp-content\/uploads\/2023\/04\/OPUS-QUAD-OK.png","width":1792,"height":1316},{"@type":"BreadcrumbList","@id":"https:\/\/djbordeauxmariage.com\/?page_id=31#breadcrumb","itemListElement":[{"@type":"ListItem","position":1,"name":"Accueil","item":"https:\/\/djbordeauxmariage.com\/"},{"@type":"ListItem","position":2,"name":"Mat\u00e9riel"}]},{"@type":"WebSite","@id":"https:\/\/djbordeauxmariage.com\/#website","url":"https:\/\/djbordeauxmariage.com\/","name":"dj pour votre mariage bordeaux et sa r\u00e9gion","description":"cr\u00e9ateur d&#039;\u00e9v\u00e9nements , DJ pour vos mariages","publisher":{"@id":"https:\/\/djbordeauxmariage.com\/#organization"},"alternateName":"djmariagebordeaux","potentialAction":[{"@type":"SearchAction","target":{"@type":"EntryPoint","urlTemplate":"https:\/\/djbordeauxmariage.com\/?s={search_term_string}"},"query-input":{"@type":"PropertyValueSpecification","valueRequired":true,"valueName":"search_term_string"}}],"inLanguage":"fr-FR"},{"@type":"Organization","@id":"https:\/\/djbordeauxmariage.com\/#organization","name":"djbordeauxmariage","alternateName":"djmariagebordeaux","url":"https:\/\/djbordeauxmariage.com\/","logo":{"@type":"ImageObject","inLanguage":"fr-FR","@id":"https:\/\/djbordeauxmariage.com\/#\/schema\/logo\/image\/","url":"https:\/\/djbordeauxmariage.com\/wp-content\/uploads\/2017\/09\/LOGO-djbordeauxmariage.jpg","contentUrl":"https:\/\/djbordeauxmariage.com\/wp-content\/uploads\/2017\/09\/LOGO-djbordeauxmariage.jpg","width":448,"height":152,"caption":"djbordeauxmariage"},"image":{"@id":"https:\/\/djbordeauxmariage.com\/#\/schema\/logo\/image\/"},"sameAs":["https:\/\/x.com\/djmariage","https:\/\/www.instagram.com\/djbordeauxmariage?igsh=MW1xZ283NXI1OGoybw&utm_source=qr"]}]}},"_links":{"self":[{"href":"https:\/\/djbordeauxmariage.com\/index.php?rest_route=\/wp\/v2\/pages\/31","targetHints":{"allow":["GET"]}}],"collection":[{"href":"https:\/\/djbordeauxmariage.com\/index.php?rest_route=\/wp\/v2\/pages"}],"about":[{"href":"https:\/\/djbordeauxmariage.com\/index.php?rest_route=\/wp\/v2\/types\/page"}],"author":[{"embeddable":true,"href":"https:\/\/djbordeauxmariage.com\/index.php?rest_route=\/wp\/v2\/users\/1"}],"replies":[{"embeddable":true,"href":"https:\/\/djbordeauxmariage.com\/index.php?rest_route=%2Fwp%2Fv2%2Fcomments&post=31"}],"version-history":[{"count":26,"href":"https:\/\/djbordeauxmariage.com\/index.php?rest_route=\/wp\/v2\/pages\/31\/revisions"}],"predecessor-version":[{"id":714,"href":"https:\/\/djbordeauxmariage.com\/index.php?rest_route=\/wp\/v2\/pages\/31\/revisions\/714"}],"wp:attachment":[{"href":"https:\/\/djbordeauxmariage.com\/index.php?rest_route=%2Fwp%2Fv2%2Fmedia&parent=31"}],"curies":[{"name":"wp","href":"https:\/\/api.w.org\/{rel}","templated":true}]}}