{"id":241,"date":"2017-09-23T12:45:26","date_gmt":"2017-09-23T12:45:26","guid":{"rendered":"https:\/\/djbordeauxmariage.com\/?page_id=241"},"modified":"2024-01-25T20:16:30","modified_gmt":"2024-01-25T20:16:30","slug":"utile-pour-votre-mariage","status":"publish","type":"page","link":"https:\/\/djbordeauxmariage.com\/?page_id=241","title":{"rendered":"> id\u00e9es pour votre mariage"},"content":{"rendered":"\n<div class=\"wp-block-group\"><div class=\"wp-block-group__inner-container is-layout-flow wp-block-group-is-layout-flow\">\n<h3 style=\"text-align: center;\"><span style=\"color: #00ccff;\"><strong>&nbsp;Wedshoots : une application Ios\/Android pour photos \u00e0 partager!<\/strong><\/span><\/h3>\n<pre style=\"text-align: center;\"><span style=\"font-size: 14pt;\">&nbsp;Toutes les photos de votre mariage dans un seul album !<\/span><\/pre>\n<h6 style=\"text-align: center;\"><strong><span style=\"font-size: 14pt;\"> Nous pourrons les diffuser sur \u00e9cran g\u00e9ant pendant le repas du mariage !<\/span><\/strong><br><br><a style=\"display: inline !important;\" href=\"https:\/\/www.wedshoots.com\/fr\" target=\"_blank\" rel=\"noopener noreferrer\"><img loading=\"lazy\" decoding=\"async\" class=\"wp-image-245 aligncenter\" src=\"https:\/\/djbordeauxmariage.com\/wp-content\/uploads\/2017\/09\/Capture-d\u2019\u00e9cran-2017-09-29-\u00e0-21.27.31.png\" alt=\"wedshoots\" width=\"104\" height=\"92\"><\/a><\/h6>\n<h3 style=\"text-align: center;\"><strong><span style=\"background-color: #ffffff; color: #00ccff;\">PrintMyMask : Laissez vos visages prendre vie!<\/span><\/strong><\/h3>\n<h3><a href=\"https:\/\/www.printmymask.com\/\"><img loading=\"lazy\" decoding=\"async\" class=\"aligncenter wp-image-941\" src=\"https:\/\/djbordeauxmariage.com\/wp-content\/uploads\/2024\/01\/PRINTMYMASK-300x130.jpg\" alt=\"https:\/\/www.printmymask.com\/\" width=\"553\" height=\"304\"><\/a><\/h3>\n<h3>&nbsp;<\/h3>\n<h3 style=\"text-align: center;\"><strong><span style=\"background-color: #ffffff; color: #00ccff;\">Personnalisation Laser de votre \u00e9v\u00e9nement!<\/span><\/strong><\/h3>\n<pre style=\"text-align: center;\">(bouchons , d\u00e9coration de table, drag\u00e9es, etc) <\/pre>\n<p style=\"text-align: center;\">http:\/\/7mdesign.fr\/<a href=\"http:\/\/7mdesign.fr\" target=\"_blank\" rel=\"noopener noreferrer\"><img loading=\"lazy\" decoding=\"async\" class=\"aligncenter wp-image-599 size-medium\" src=\"https:\/\/djbordeauxmariage.com\/wp-content\/uploads\/2020\/03\/7M-DESIGN-300x86.jpg\" alt=\"7M DESIGN\" width=\"300\" height=\"86\" srcset=\"https:\/\/djbordeauxmariage.com\/wp-content\/uploads\/2020\/03\/7M-DESIGN-300x86.jpg 300w, https:\/\/djbordeauxmariage.com\/wp-content\/uploads\/2020\/03\/7M-DESIGN.jpg 397w\" sizes=\"auto, (max-width: 300px) 100vw, 300px\" \/><\/a><\/p>\n<h3 style=\"text-align: center;\"><strong><span style=\"color: #00ccff;\">Location d&rsquo;\u00e9cran pour vid\u00e9o projection!<\/span><\/strong><\/h3>\n<pre style=\"text-align: center;\">pour vos projections sur Bordeaux &amp; sa r\u00e9gion :<br><br><a href=\"https:\/\/www.reflechi-son.fr\/catalogue-location\/video\/videoprojection\/stumpfl-ecran-300x225\/\"><img loading=\"lazy\" decoding=\"async\" class=\"aligncenter wp-image-611 size-medium\" src=\"https:\/\/djbordeauxmariage.com\/wp-content\/uploads\/2020\/03\/Ecran-300x283.jpg\" alt=\"\" width=\"300\" height=\"283\" srcset=\"https:\/\/djbordeauxmariage.com\/wp-content\/uploads\/2020\/03\/Ecran-300x283.jpg 300w, https:\/\/djbordeauxmariage.com\/wp-content\/uploads\/2020\/03\/Ecran-450x425.jpg 450w, https:\/\/djbordeauxmariage.com\/wp-content\/uploads\/2020\/03\/Ecran.jpg 518w\" sizes=\"auto, (max-width: 300px) 100vw, 300px\" \/><\/a><\/pre>\n<p style=\"text-align: center;\"><a href=\"https:\/\/www.reflechi-son.fr\/catalogue-location\/video\/videoprojection\/stumpfl-ecran-300x225\/\"><img loading=\"lazy\" decoding=\"async\" class=\"aligncenter wp-image-329 \" src=\"https:\/\/djbordeauxmariage.com\/wp-content\/uploads\/2018\/04\/reflechison.png\" alt=\"\" width=\"411\" height=\"60\"><\/a><\/p>\n<p style=\"text-align: center;\"><span style=\"color: #00ccff;\">&nbsp;<a style=\"color: #00ccff;\" href=\"https:\/\/www.reflechi-son.fr\/catalogue-location\/video\/videoprojection\/stumpfl-ecran-300x225\/\">http:\/\/www.reflechi-son.fr\/<\/a> &nbsp;<\/span><\/p>\n<h3>&nbsp;<\/h3>\n<h3 style=\"text-align: center;\"><strong><span style=\"color: #00ccff;\">Sharing Box borne photo interactive!<\/span><\/strong><\/h3>\n<pre style=\"text-align: center;\"><span style=\"font-size: 14pt;\">PhotoBooth design pour vos mariages et \u00e9v\u00e9nements priv\u00e9s <\/span><\/pre>\n<p style=\"text-align: center;\">&nbsp;<\/p>\n<p style=\"text-align: center;\"><a style=\"display: inline !important;\" href=\"http:\/\/www.sharingbox.com\/borne_photo_evenements_prives\/?lang=fr\"><img loading=\"lazy\" decoding=\"async\" class=\"wp-image-247 size-full aligncenter\" src=\"https:\/\/djbordeauxmariage.com\/wp-content\/uploads\/2017\/09\/Capture-d\u2019\u00e9cran-2017-09-29-\u00e0-21.41.57.png\" alt=\"sharingbox\" width=\"190\" height=\"51\"><\/a><\/p>\n<h3 style=\"text-align: center;\"><span style=\"color: #00ccff;\"><strong>WALI-YOVAN Caricaturiste!<\/strong><\/span><\/h3>\n<p><a href=\"https:\/\/wali-yovan.com\/\"><img loading=\"lazy\" decoding=\"async\" class=\"wp-image-750 aligncenter\" src=\"https:\/\/djbordeauxmariage.com\/wp-content\/uploads\/2023\/05\/waliyovan-300x134.jpg\" alt=\"\" width=\"555\" height=\"248\" srcset=\"https:\/\/djbordeauxmariage.com\/wp-content\/uploads\/2023\/05\/waliyovan-300x134.jpg 300w, https:\/\/djbordeauxmariage.com\/wp-content\/uploads\/2023\/05\/waliyovan-1024x458.jpg 1024w, https:\/\/djbordeauxmariage.com\/wp-content\/uploads\/2023\/05\/waliyovan-768x343.jpg 768w, https:\/\/djbordeauxmariage.com\/wp-content\/uploads\/2023\/05\/waliyovan-1536x687.jpg 1536w, https:\/\/djbordeauxmariage.com\/wp-content\/uploads\/2023\/05\/waliyovan-2048x916.jpg 2048w\" sizes=\"auto, (max-width: 555px) 100vw, 555px\" \/><\/a><\/p>\n<pre style=\"text-align: center;\">Il saura donner une ambiance ludique \u00e0 votre Ev\u00e9nement ! :&nbsp;<\/pre>\n<p style=\"text-align: center;\">Plus d&rsquo;infos :&nbsp;<\/p>\n<p style=\"text-align: center;\"><a href=\"https:\/\/wali-yovan.com\/\" target=\"_blank\" rel=\"noopener\">Wali-Yovan Caricaturiste<\/a><\/p>\n<p style=\"text-align: center;\">&nbsp;<\/p>\n<h3 style=\"text-align: center;\"><span style=\"color: #00ccff;\"><strong>Organisez un feu d&rsquo;artifice!<\/strong><\/span><\/h3>\n<pre style=\"text-align: center;\">en toute s\u00e9curit\u00e9 pour \u00e9pater vos convives :<\/pre>\n<p style=\"text-align: center;\"><a href=\"https:\/\/www.lesmagiciensdufeu.fr\/\">https:\/\/www.lesmagiciensdufeu.fr\/<\/a><\/p>\n<p>&nbsp;<\/p>\n<h3 style=\"text-align: center;\"><span style=\"color: #00ccff;\"><strong>Surprise Flash Mob Vid\u00e9o Fluos!<\/strong><\/span><\/h3>\n<p style=\"text-align: center;\">excellent pour \u00e9pater vos convives avec un budget minimum :<\/p>\n<div style=\"width: 600px;\" class=\"wp-video\"><video class=\"wp-video-shortcode\" id=\"video-241-1\" width=\"600\" height=\"350\" preload=\"metadata\" controls=\"controls\"><source type=\"video\/mp4\" src=\"https:\/\/djbordeauxmariage.com\/wp-content\/uploads\/2021\/09\/video_1_439a784fb5b74a2bba45ae29270a3052.mp4?_=1\" \/><a href=\"https:\/\/djbordeauxmariage.com\/wp-content\/uploads\/2021\/09\/video_1_439a784fb5b74a2bba45ae29270a3052.mp4\">https:\/\/djbordeauxmariage.com\/wp-content\/uploads\/2021\/09\/video_1_439a784fb5b74a2bba45ae29270a3052.mp4<\/a><\/video><\/div>\n<h3 style=\"text-align: center;\"><br><span style=\"color: #00ccff;\"><strong>L\u00e2cher de ballons LED !<\/strong><\/span><\/h3>\n<pre style=\"text-align: center;\">excellent pour \u00e9pater vos convives avec un budget minimum :<\/pre>\n<p style=\"text-align: center;\"><iframe loading=\"lazy\" src=\"\/\/player.vimeo.com\/video\/229556760?title=0&amp;byline=0&amp;portrait=0&amp;color=8dc7dc\" width=\"600\" height=\"400\" allowfullscreen=\"allowfullscreen\"><\/iframe><\/p>\n<\/div><\/div>\n\n<div class=\"twitter-share\"><a href=\"https:\/\/twitter.com\/intent\/tweet?via=DjMariage\" class=\"twitter-share-button\" data-size=\"large\">Tweet<\/a><\/div>\n","protected":false},"excerpt":{"rendered":"<p>&nbsp;Wedshoots : une application Ios\/Android pour photos \u00e0 partager! &nbsp;Toutes les photos de votre mariage dans un seul album ! Nous pourrons les diffuser sur \u00e9cran g\u00e9ant pendant le repas [&hellip;]<\/p>\n","protected":false},"author":1,"featured_media":0,"parent":0,"menu_order":0,"comment_status":"closed","ping_status":"closed","template":"","meta":{"om_disable_all_campaigns":false,"_monsterinsights_skip_tracking":false,"_monsterinsights_sitenote_active":false,"_monsterinsights_sitenote_note":"","_monsterinsights_sitenote_category":0,"_uf_show_specific_survey":0,"_uf_disable_surveys":false,"ngg_post_thumbnail":0,"footnotes":""},"class_list":["post-241","page","type-page","status-publish","hentry"],"yoast_head":"<!-- This site is optimized with the Yoast SEO plugin v27.5 - https:\/\/yoast.com\/product\/yoast-seo-wordpress\/ -->\n<title>&gt; id\u00e9es pour votre mariage &#171; Pour des \u00e9v\u00e9nements sur mesure...<\/title>\n<meta name=\"robots\" content=\"index, follow, max-snippet:-1, max-image-preview:large, max-video-preview:-1\" \/>\n<link rel=\"canonical\" href=\"https:\/\/djbordeauxmariage.com\/?page_id=241\" \/>\n<meta property=\"og:locale\" content=\"fr_FR\" \/>\n<meta property=\"og:type\" content=\"article\" \/>\n<meta property=\"og:title\" content=\"&gt; id\u00e9es pour votre mariage &#171; Pour des \u00e9v\u00e9nements sur mesure...\" \/>\n<meta property=\"og:description\" content=\"&nbsp;Wedshoots : une application Ios\/Android pour photos \u00e0 partager! &nbsp;Toutes les photos de votre mariage dans un seul album ! Nous pourrons les diffuser sur \u00e9cran g\u00e9ant pendant le repas [&hellip;]\" \/>\n<meta property=\"og:url\" content=\"https:\/\/djbordeauxmariage.com\/?page_id=241\" \/>\n<meta property=\"og:site_name\" content=\"Pour des \u00e9v\u00e9nements sur mesure...\" \/>\n<meta property=\"article:modified_time\" content=\"2024-01-25T20:16:30+00:00\" \/>\n<meta property=\"og:image\" content=\"https:\/\/djbordeauxmariage.com\/wp-content\/uploads\/2024\/01\/PRINTMYMASK-300x130.jpg\" \/>\n<meta name=\"twitter:card\" content=\"summary_large_image\" \/>\n<meta name=\"twitter:site\" content=\"@djmariage\" \/>\n<meta name=\"twitter:label1\" content=\"Dur\u00e9e de lecture estim\u00e9e\" \/>\n\t<meta name=\"twitter:data1\" content=\"2 minutes\" \/>\n<script type=\"application\/ld+json\" class=\"yoast-schema-graph\">{\"@context\":\"https:\\\/\\\/schema.org\",\"@graph\":[{\"@type\":\"WebPage\",\"@id\":\"https:\\\/\\\/djbordeauxmariage.com\\\/?page_id=241\",\"url\":\"https:\\\/\\\/djbordeauxmariage.com\\\/?page_id=241\",\"name\":\"> id\u00e9es pour votre mariage &#171; Pour des \u00e9v\u00e9nements sur mesure...\",\"isPartOf\":{\"@id\":\"https:\\\/\\\/djbordeauxmariage.com\\\/#website\"},\"primaryImageOfPage\":{\"@id\":\"https:\\\/\\\/djbordeauxmariage.com\\\/?page_id=241#primaryimage\"},\"image\":{\"@id\":\"https:\\\/\\\/djbordeauxmariage.com\\\/?page_id=241#primaryimage\"},\"thumbnailUrl\":\"https:\\\/\\\/djbordeauxmariage.com\\\/wp-content\\\/uploads\\\/2024\\\/01\\\/PRINTMYMASK-300x130.jpg\",\"datePublished\":\"2017-09-23T12:45:26+00:00\",\"dateModified\":\"2024-01-25T20:16:30+00:00\",\"breadcrumb\":{\"@id\":\"https:\\\/\\\/djbordeauxmariage.com\\\/?page_id=241#breadcrumb\"},\"inLanguage\":\"fr-FR\",\"potentialAction\":[{\"@type\":\"ReadAction\",\"target\":[\"https:\\\/\\\/djbordeauxmariage.com\\\/?page_id=241\"]}]},{\"@type\":\"ImageObject\",\"inLanguage\":\"fr-FR\",\"@id\":\"https:\\\/\\\/djbordeauxmariage.com\\\/?page_id=241#primaryimage\",\"url\":\"https:\\\/\\\/djbordeauxmariage.com\\\/wp-content\\\/uploads\\\/2024\\\/01\\\/PRINTMYMASK.jpg\",\"contentUrl\":\"https:\\\/\\\/djbordeauxmariage.com\\\/wp-content\\\/uploads\\\/2024\\\/01\\\/PRINTMYMASK.jpg\",\"width\":1269,\"height\":552,\"caption\":\"https:\\\/\\\/www.printmymask.com\\\/\"},{\"@type\":\"BreadcrumbList\",\"@id\":\"https:\\\/\\\/djbordeauxmariage.com\\\/?page_id=241#breadcrumb\",\"itemListElement\":[{\"@type\":\"ListItem\",\"position\":1,\"name\":\"Accueil\",\"item\":\"https:\\\/\\\/djbordeauxmariage.com\\\/\"},{\"@type\":\"ListItem\",\"position\":2,\"name\":\"> id\u00e9es pour votre mariage\"}]},{\"@type\":\"WebSite\",\"@id\":\"https:\\\/\\\/djbordeauxmariage.com\\\/#website\",\"url\":\"https:\\\/\\\/djbordeauxmariage.com\\\/\",\"name\":\"dj pour votre mariage bordeaux et sa r\u00e9gion\",\"description\":\"cr\u00e9ateur d&#039;\u00e9v\u00e9nements , DJ pour vos mariages\",\"publisher\":{\"@id\":\"https:\\\/\\\/djbordeauxmariage.com\\\/#organization\"},\"alternateName\":\"djmariagebordeaux\",\"potentialAction\":[{\"@type\":\"SearchAction\",\"target\":{\"@type\":\"EntryPoint\",\"urlTemplate\":\"https:\\\/\\\/djbordeauxmariage.com\\\/?s={search_term_string}\"},\"query-input\":{\"@type\":\"PropertyValueSpecification\",\"valueRequired\":true,\"valueName\":\"search_term_string\"}}],\"inLanguage\":\"fr-FR\"},{\"@type\":\"Organization\",\"@id\":\"https:\\\/\\\/djbordeauxmariage.com\\\/#organization\",\"name\":\"djbordeauxmariage\",\"alternateName\":\"djmariagebordeaux\",\"url\":\"https:\\\/\\\/djbordeauxmariage.com\\\/\",\"logo\":{\"@type\":\"ImageObject\",\"inLanguage\":\"fr-FR\",\"@id\":\"https:\\\/\\\/djbordeauxmariage.com\\\/#\\\/schema\\\/logo\\\/image\\\/\",\"url\":\"https:\\\/\\\/djbordeauxmariage.com\\\/wp-content\\\/uploads\\\/2017\\\/09\\\/LOGO-djbordeauxmariage.jpg\",\"contentUrl\":\"https:\\\/\\\/djbordeauxmariage.com\\\/wp-content\\\/uploads\\\/2017\\\/09\\\/LOGO-djbordeauxmariage.jpg\",\"width\":448,\"height\":152,\"caption\":\"djbordeauxmariage\"},\"image\":{\"@id\":\"https:\\\/\\\/djbordeauxmariage.com\\\/#\\\/schema\\\/logo\\\/image\\\/\"},\"sameAs\":[\"https:\\\/\\\/x.com\\\/djmariage\",\"https:\\\/\\\/www.instagram.com\\\/djbordeauxmariage?igsh=MW1xZ283NXI1OGoybw&utm_source=qr\"]}]}<\/script>\n<!-- \/ Yoast SEO plugin. -->","yoast_head_json":{"title":"> id\u00e9es pour votre mariage &#171; Pour des \u00e9v\u00e9nements sur mesure...","robots":{"index":"index","follow":"follow","max-snippet":"max-snippet:-1","max-image-preview":"max-image-preview:large","max-video-preview":"max-video-preview:-1"},"canonical":"https:\/\/djbordeauxmariage.com\/?page_id=241","og_locale":"fr_FR","og_type":"article","og_title":"> id\u00e9es pour votre mariage &#171; Pour des \u00e9v\u00e9nements sur mesure...","og_description":"&nbsp;Wedshoots : une application Ios\/Android pour photos \u00e0 partager! &nbsp;Toutes les photos de votre mariage dans un seul album ! Nous pourrons les diffuser sur \u00e9cran g\u00e9ant pendant le repas [&hellip;]","og_url":"https:\/\/djbordeauxmariage.com\/?page_id=241","og_site_name":"Pour des \u00e9v\u00e9nements sur mesure...","article_modified_time":"2024-01-25T20:16:30+00:00","og_image":[{"url":"https:\/\/djbordeauxmariage.com\/wp-content\/uploads\/2024\/01\/PRINTMYMASK-300x130.jpg","type":"","width":"","height":""}],"twitter_card":"summary_large_image","twitter_site":"@djmariage","twitter_misc":{"Dur\u00e9e de lecture estim\u00e9e":"2 minutes"},"schema":{"@context":"https:\/\/schema.org","@graph":[{"@type":"WebPage","@id":"https:\/\/djbordeauxmariage.com\/?page_id=241","url":"https:\/\/djbordeauxmariage.com\/?page_id=241","name":"> id\u00e9es pour votre mariage &#171; Pour des \u00e9v\u00e9nements sur mesure...","isPartOf":{"@id":"https:\/\/djbordeauxmariage.com\/#website"},"primaryImageOfPage":{"@id":"https:\/\/djbordeauxmariage.com\/?page_id=241#primaryimage"},"image":{"@id":"https:\/\/djbordeauxmariage.com\/?page_id=241#primaryimage"},"thumbnailUrl":"https:\/\/djbordeauxmariage.com\/wp-content\/uploads\/2024\/01\/PRINTMYMASK-300x130.jpg","datePublished":"2017-09-23T12:45:26+00:00","dateModified":"2024-01-25T20:16:30+00:00","breadcrumb":{"@id":"https:\/\/djbordeauxmariage.com\/?page_id=241#breadcrumb"},"inLanguage":"fr-FR","potentialAction":[{"@type":"ReadAction","target":["https:\/\/djbordeauxmariage.com\/?page_id=241"]}]},{"@type":"ImageObject","inLanguage":"fr-FR","@id":"https:\/\/djbordeauxmariage.com\/?page_id=241#primaryimage","url":"https:\/\/djbordeauxmariage.com\/wp-content\/uploads\/2024\/01\/PRINTMYMASK.jpg","contentUrl":"https:\/\/djbordeauxmariage.com\/wp-content\/uploads\/2024\/01\/PRINTMYMASK.jpg","width":1269,"height":552,"caption":"https:\/\/www.printmymask.com\/"},{"@type":"BreadcrumbList","@id":"https:\/\/djbordeauxmariage.com\/?page_id=241#breadcrumb","itemListElement":[{"@type":"ListItem","position":1,"name":"Accueil","item":"https:\/\/djbordeauxmariage.com\/"},{"@type":"ListItem","position":2,"name":"> id\u00e9es pour votre mariage"}]},{"@type":"WebSite","@id":"https:\/\/djbordeauxmariage.com\/#website","url":"https:\/\/djbordeauxmariage.com\/","name":"dj pour votre mariage bordeaux et sa r\u00e9gion","description":"cr\u00e9ateur d&#039;\u00e9v\u00e9nements , DJ pour vos mariages","publisher":{"@id":"https:\/\/djbordeauxmariage.com\/#organization"},"alternateName":"djmariagebordeaux","potentialAction":[{"@type":"SearchAction","target":{"@type":"EntryPoint","urlTemplate":"https:\/\/djbordeauxmariage.com\/?s={search_term_string}"},"query-input":{"@type":"PropertyValueSpecification","valueRequired":true,"valueName":"search_term_string"}}],"inLanguage":"fr-FR"},{"@type":"Organization","@id":"https:\/\/djbordeauxmariage.com\/#organization","name":"djbordeauxmariage","alternateName":"djmariagebordeaux","url":"https:\/\/djbordeauxmariage.com\/","logo":{"@type":"ImageObject","inLanguage":"fr-FR","@id":"https:\/\/djbordeauxmariage.com\/#\/schema\/logo\/image\/","url":"https:\/\/djbordeauxmariage.com\/wp-content\/uploads\/2017\/09\/LOGO-djbordeauxmariage.jpg","contentUrl":"https:\/\/djbordeauxmariage.com\/wp-content\/uploads\/2017\/09\/LOGO-djbordeauxmariage.jpg","width":448,"height":152,"caption":"djbordeauxmariage"},"image":{"@id":"https:\/\/djbordeauxmariage.com\/#\/schema\/logo\/image\/"},"sameAs":["https:\/\/x.com\/djmariage","https:\/\/www.instagram.com\/djbordeauxmariage?igsh=MW1xZ283NXI1OGoybw&utm_source=qr"]}]}},"_links":{"self":[{"href":"https:\/\/djbordeauxmariage.com\/index.php?rest_route=\/wp\/v2\/pages\/241","targetHints":{"allow":["GET"]}}],"collection":[{"href":"https:\/\/djbordeauxmariage.com\/index.php?rest_route=\/wp\/v2\/pages"}],"about":[{"href":"https:\/\/djbordeauxmariage.com\/index.php?rest_route=\/wp\/v2\/types\/page"}],"author":[{"embeddable":true,"href":"https:\/\/djbordeauxmariage.com\/index.php?rest_route=\/wp\/v2\/users\/1"}],"replies":[{"embeddable":true,"href":"https:\/\/djbordeauxmariage.com\/index.php?rest_route=%2Fwp%2Fv2%2Fcomments&post=241"}],"version-history":[{"count":38,"href":"https:\/\/djbordeauxmariage.com\/index.php?rest_route=\/wp\/v2\/pages\/241\/revisions"}],"predecessor-version":[{"id":942,"href":"https:\/\/djbordeauxmariage.com\/index.php?rest_route=\/wp\/v2\/pages\/241\/revisions\/942"}],"wp:attachment":[{"href":"https:\/\/djbordeauxmariage.com\/index.php?rest_route=%2Fwp%2Fv2%2Fmedia&parent=241"}],"curies":[{"name":"wp","href":"https:\/\/api.w.org\/{rel}","templated":true}]}}