{"id":18,"date":"2015-04-10T13:33:23","date_gmt":"2015-04-10T13:33:23","guid":{"rendered":"http:\/\/djbordeauxmariage.com\/?page_id=18"},"modified":"2024-01-24T09:17:27","modified_gmt":"2024-01-24T09:17:27","slug":"contact-devis","status":"publish","type":"page","link":"https:\/\/djbordeauxmariage.com\/?page_id=18","title":{"rendered":"Contact \/ Devis"},"content":{"rendered":"<p style=\"text-align: center;\">Pour une demande de renseignement ou de devis , merci de remplir le formulaire ci dessous , nous vous r\u00e9pondrons dans les plus brefs d\u00e9lais :<\/p>\n<p><strong><span style=\"color: #ff0000;\">Nouveau ! : vous pouvez consulter nos disponibilit\u00e9s ici =&gt; <a style=\"color: #ff0000;\" href=\"https:\/\/djbordeauxmariage.com\/?post_type=tribe_events\">Agenda<\/a><\/span><\/strong><\/p>\n<p style=\"text-align: left;\">\n<div class=\"wpcf7 no-js\" id=\"wpcf7-f114-o1\" lang=\"fr-FR\" dir=\"ltr\" data-wpcf7-id=\"114\">\n<div class=\"screen-reader-response\"><p role=\"status\" aria-live=\"polite\" aria-atomic=\"true\"><\/p> <ul><\/ul><\/div>\n<form action=\"\/index.php?rest_route=%2Fwp%2Fv2%2Fpages%2F18#wpcf7-f114-o1\" method=\"post\" class=\"wpcf7-form init\" aria-label=\"Formulaire de contact\" novalidate=\"novalidate\" data-status=\"init\">\n<fieldset class=\"hidden-fields-container\"><input type=\"hidden\" name=\"_wpcf7\" value=\"114\" \/><input type=\"hidden\" name=\"_wpcf7_version\" value=\"6.1.5\" \/><input type=\"hidden\" name=\"_wpcf7_locale\" value=\"fr_FR\" \/><input type=\"hidden\" name=\"_wpcf7_unit_tag\" value=\"wpcf7-f114-o1\" \/><input type=\"hidden\" name=\"_wpcf7_container_post\" value=\"0\" \/><input type=\"hidden\" name=\"_wpcf7_posted_data_hash\" value=\"\" \/><input type=\"hidden\" name=\"_wpcf7_recaptcha_response\" value=\"\" \/>\n<\/fieldset>\n<p>> Nom et pr\u00e9nom(s): <span class=\"wpcf7-form-control-wrap\" data-name=\"text-830\"><input size=\"40\" maxlength=\"400\" class=\"wpcf7-form-control wpcf7-text\" aria-invalid=\"false\" placeholder=\"Votre Nom et votre pr\u00e9nom\" value=\"\" type=\"text\" name=\"text-830\" \/><\/span>\n<\/p>\n<p>> Email de contact : <span class=\"wpcf7-form-control-wrap\" data-name=\"email-901\"><input size=\"40\" maxlength=\"400\" class=\"wpcf7-form-control wpcf7-email wpcf7-text wpcf7-validates-as-email\" aria-invalid=\"false\" value=\"Votre email\" type=\"email\" name=\"email-901\" \/><\/span>\n<\/p>\n<p>> T\u00e9l de contact : <span class=\"wpcf7-form-control-wrap\" data-name=\"tel-337\"><input size=\"40\" maxlength=\"400\" class=\"wpcf7-form-control wpcf7-tel wpcf7-validates-as-required wpcf7-text wpcf7-validates-as-tel\" aria-required=\"true\" aria-invalid=\"false\" placeholder=\"Votre Tel Portable\" value=\"\" type=\"tel\" name=\"tel-337\" \/><\/span>\n<\/p>\n<p>> Date de l\u2019\u00e9v\u00e9nement : <span class=\"wpcf7-form-control-wrap\" data-name=\"date-956\"><input class=\"wpcf7-form-control wpcf7-date wpcf7-validates-as-date\" aria-invalid=\"false\" value=\"\" type=\"date\" name=\"date-956\" \/><\/span>\n<\/p>\n<p>> Le Lieu : <span class=\"wpcf7-form-control-wrap\" data-name=\"text-229\"><input size=\"40\" maxlength=\"400\" class=\"wpcf7-form-control wpcf7-text\" aria-invalid=\"false\" value=\"\" type=\"text\" name=\"text-229\" \/><\/span>\n<\/p>\n<p>> Code Postal : <span class=\"wpcf7-form-control-wrap\" data-name=\"number-497\"><input class=\"wpcf7-form-control wpcf7-number wpcf7-validates-as-number\" aria-invalid=\"false\" value=\"Code Postal\" type=\"number\" name=\"number-497\" \/><\/span>\n<\/p>\n<p>> Ville : <span class=\"wpcf7-form-control-wrap\" data-name=\"text-398\"><input size=\"40\" maxlength=\"400\" class=\"wpcf7-form-control wpcf7-text\" aria-invalid=\"false\" placeholder=\"Ville\" value=\"\" type=\"text\" name=\"text-398\" \/><\/span>\n<\/p>\n<p>> Nombre d'invit\u00e9s : <span class=\"wpcf7-form-control-wrap\" data-name=\"checkbox-379\"><span class=\"wpcf7-form-control wpcf7-checkbox wpcf7-exclusive-checkbox\"><span class=\"wpcf7-list-item first\"><span class=\"wpcf7-list-item-label\">Minimun 70 personnes<\/span><input type=\"checkbox\" name=\"checkbox-379\" value=\"Minimun 70 personnes\" \/><\/span><span class=\"wpcf7-list-item\"><span class=\"wpcf7-list-item-label\">70-100<\/span><input type=\"checkbox\" name=\"checkbox-379\" value=\"70-100\" \/><\/span><span class=\"wpcf7-list-item\"><span class=\"wpcf7-list-item-label\">100-150<\/span><input type=\"checkbox\" name=\"checkbox-379\" value=\"100-150\" \/><\/span><span class=\"wpcf7-list-item last\"><span class=\"wpcf7-list-item-label\">+ de 150<\/span><input type=\"checkbox\" name=\"checkbox-379\" value=\"+ de 150\" \/><\/span><\/span><\/span>\n<\/p>\n<p>> Type d'\u00e9v\u00e9nement : <span class=\"wpcf7-form-control-wrap\" data-name=\"checkbox-772\"><span class=\"wpcf7-form-control wpcf7-checkbox\"><span class=\"wpcf7-list-item first\"><input type=\"checkbox\" name=\"checkbox-772[]\" value=\"mariage\" \/><span class=\"wpcf7-list-item-label\">mariage<\/span><\/span><span class=\"wpcf7-list-item\"><input type=\"checkbox\" name=\"checkbox-772[]\" value=\"soir\u00e9e \u00e9tudiante\" \/><span class=\"wpcf7-list-item-label\">soir\u00e9e \u00e9tudiante<\/span><\/span><span class=\"wpcf7-list-item\"><input type=\"checkbox\" name=\"checkbox-772[]\" value=\"anniversaire\" \/><span class=\"wpcf7-list-item-label\">anniversaire<\/span><\/span><span class=\"wpcf7-list-item last\"><input type=\"checkbox\" name=\"checkbox-772[]\" value=\"autre\" \/><span class=\"wpcf7-list-item-label\">autre<\/span><\/span><\/span><\/span>\n<\/p>\n<p>> Comment nous avez vous connu ?<span class=\"wpcf7-form-control-wrap\" data-name=\"menu-508\"><select class=\"wpcf7-form-control wpcf7-select\" aria-invalid=\"false\" name=\"menu-508\"><option value=\"Google\">Google<\/option><option value=\"Mariages.net\">Mariages.net<\/option><option value=\"Recommandation\">Recommandation<\/option><option value=\"Autre\">Autre<\/option><\/select><\/span>\n<\/p>\n<p>Vos Commentaires (soyez le plus pr\u00e9cis possible SVP) :<br \/>\n<span class=\"wpcf7-form-control-wrap\" data-name=\"textarea-781\"><textarea cols=\"40\" rows=\"10\" maxlength=\"2000\" class=\"wpcf7-form-control wpcf7-textarea\" aria-invalid=\"false\" name=\"textarea-781\">Votre Message<\/textarea><\/span>\n<\/p>\n<p><input class=\"wpcf7-form-control wpcf7-submit has-spinner\" type=\"submit\" value=\"Envoyer la demande\" \/>\n<\/p><div class=\"wpcf7-response-output\" aria-hidden=\"true\"><\/div>\n<\/form>\n<\/div>\n<\/p>\n<p>&nbsp;<\/p>\n<p>Pour nos RDV en Visio :cliquer sur le logo ) :<\/p>\n<p style=\"text-align: center;\">&nbsp;<\/p>\n<table class=\" aligncenter\" style=\"border-collapse: collapse; width: 0%; height: 127px;\">\n<tbody>\n<tr style=\"height: 154px;\">\n<td style=\"width: 100%; height: 127px;\"><a href=\"https:\/\/whereby.com\/djbordeauxmariage\"><img loading=\"lazy\" decoding=\"async\" class=\"aligncenter wp-image-588\" src=\"https:\/\/djbordeauxmariage.com\/wp-content\/uploads\/2019\/12\/WHEREBY.jpg\" alt=\"d\u00e9marrer vid\u00e9oconf\u00e9rence\" width=\"259\" height=\"89\"><\/a><\/td>\n<\/tr>\n<\/tbody>\n<\/table>\n<p style=\"text-align: center;\">&nbsp;<\/p>\n<p>&nbsp;<\/p>\n<table class=\" aligncenter\">\n<tbody>\n<tr>\n<td style=\"width: 635px;\"><span style=\"font-size: 12pt; font-family: verdana, geneva, sans-serif;\">&nbsp;<a href=\"https:\/\/djbordeauxmariage.com\/wp-content\/uploads\/2015\/04\/logo-dbm.jpg\"><img loading=\"lazy\" decoding=\"async\" class=\"\" src=\"https:\/\/djbordeauxmariage.com\/wp-content\/uploads\/2015\/04\/logo-dbm-300x76.jpg\" alt=\"logo-dbm\" width=\"268\" height=\"68\"><\/a>&nbsp; &nbsp;<a title=\"Mariages.net\" href=\"https:\/\/www.mariages.net\"><img loading=\"lazy\" decoding=\"async\" class=\"\" src=\"https:\/\/www.mariages.net\/images\/sellos\/label-partenaire--gg9872.png\" alt=\"Mariages.net\" width=\"268\" height=\"78\"><\/a><\/span><\/td>\n<td style=\"width: 4px;\">&nbsp;<\/td>\n<\/tr>\n<\/tbody>\n<\/table>\n<p style=\"text-align: center;\">&nbsp;<\/p>\n\n<div class=\"twitter-share\"><a href=\"https:\/\/twitter.com\/intent\/tweet?via=DjMariage\" class=\"twitter-share-button\" data-size=\"large\">Tweet<\/a><\/div>\n","protected":false},"excerpt":{"rendered":"<p>Pour une demande de renseignement ou de devis , merci de remplir le formulaire ci dessous , nous vous r\u00e9pondrons dans les plus brefs d\u00e9lais : Nouveau ! : vous [&hellip;]<\/p>\n","protected":false},"author":1,"featured_media":0,"parent":0,"menu_order":0,"comment_status":"closed","ping_status":"closed","template":"","meta":{"om_disable_all_campaigns":false,"_monsterinsights_skip_tracking":false,"_monsterinsights_sitenote_active":false,"_monsterinsights_sitenote_note":"","_monsterinsights_sitenote_category":0,"_uf_show_specific_survey":0,"_uf_disable_surveys":false,"ngg_post_thumbnail":0,"footnotes":""},"class_list":["post-18","page","type-page","status-publish","hentry"],"yoast_head":"<!-- This site is optimized with the Yoast SEO plugin v27.5 - https:\/\/yoast.com\/product\/yoast-seo-wordpress\/ -->\n<title>Contact \/ Devis &#171; Pour des \u00e9v\u00e9nements sur mesure...<\/title>\n<meta name=\"robots\" content=\"index, follow, max-snippet:-1, max-image-preview:large, max-video-preview:-1\" \/>\n<link rel=\"canonical\" href=\"https:\/\/djbordeauxmariage.com\/?page_id=18\" \/>\n<meta property=\"og:locale\" content=\"fr_FR\" \/>\n<meta property=\"og:type\" content=\"article\" \/>\n<meta property=\"og:title\" content=\"Contact \/ Devis &#171; Pour des \u00e9v\u00e9nements sur mesure...\" \/>\n<meta property=\"og:description\" content=\"Pour une demande de renseignement ou de devis , merci de remplir le formulaire ci dessous , nous vous r\u00e9pondrons dans les plus brefs d\u00e9lais : Nouveau ! : vous [&hellip;]\" \/>\n<meta property=\"og:url\" content=\"https:\/\/djbordeauxmariage.com\/?page_id=18\" \/>\n<meta property=\"og:site_name\" content=\"Pour des \u00e9v\u00e9nements sur mesure...\" \/>\n<meta property=\"article:modified_time\" content=\"2024-01-24T09:17:27+00:00\" \/>\n<meta property=\"og:image\" content=\"https:\/\/djbordeauxmariage.com\/wp-content\/uploads\/2019\/12\/WHEREBY.jpg\" \/>\n<meta name=\"twitter:card\" content=\"summary_large_image\" \/>\n<meta name=\"twitter:site\" content=\"@djmariage\" \/>\n<meta name=\"twitter:label1\" content=\"Dur\u00e9e de lecture estim\u00e9e\" \/>\n\t<meta name=\"twitter:data1\" content=\"1 minute\" \/>\n<script type=\"application\/ld+json\" class=\"yoast-schema-graph\">{\"@context\":\"https:\\\/\\\/schema.org\",\"@graph\":[{\"@type\":\"WebPage\",\"@id\":\"https:\\\/\\\/djbordeauxmariage.com\\\/?page_id=18\",\"url\":\"https:\\\/\\\/djbordeauxmariage.com\\\/?page_id=18\",\"name\":\"Contact \\\/ Devis &#171; Pour des \u00e9v\u00e9nements sur mesure...\",\"isPartOf\":{\"@id\":\"https:\\\/\\\/djbordeauxmariage.com\\\/#website\"},\"primaryImageOfPage\":{\"@id\":\"https:\\\/\\\/djbordeauxmariage.com\\\/?page_id=18#primaryimage\"},\"image\":{\"@id\":\"https:\\\/\\\/djbordeauxmariage.com\\\/?page_id=18#primaryimage\"},\"thumbnailUrl\":\"https:\\\/\\\/djbordeauxmariage.com\\\/wp-content\\\/uploads\\\/2019\\\/12\\\/WHEREBY.jpg\",\"datePublished\":\"2015-04-10T13:33:23+00:00\",\"dateModified\":\"2024-01-24T09:17:27+00:00\",\"breadcrumb\":{\"@id\":\"https:\\\/\\\/djbordeauxmariage.com\\\/?page_id=18#breadcrumb\"},\"inLanguage\":\"fr-FR\",\"potentialAction\":[{\"@type\":\"ReadAction\",\"target\":[\"https:\\\/\\\/djbordeauxmariage.com\\\/?page_id=18\"]}]},{\"@type\":\"ImageObject\",\"inLanguage\":\"fr-FR\",\"@id\":\"https:\\\/\\\/djbordeauxmariage.com\\\/?page_id=18#primaryimage\",\"url\":\"https:\\\/\\\/djbordeauxmariage.com\\\/wp-content\\\/uploads\\\/2019\\\/12\\\/WHEREBY.jpg\",\"contentUrl\":\"https:\\\/\\\/djbordeauxmariage.com\\\/wp-content\\\/uploads\\\/2019\\\/12\\\/WHEREBY.jpg\",\"width\":166,\"height\":57,\"caption\":\"d\u00e9marrer vid\u00e9oconf\u00e9rence\"},{\"@type\":\"BreadcrumbList\",\"@id\":\"https:\\\/\\\/djbordeauxmariage.com\\\/?page_id=18#breadcrumb\",\"itemListElement\":[{\"@type\":\"ListItem\",\"position\":1,\"name\":\"Accueil\",\"item\":\"https:\\\/\\\/djbordeauxmariage.com\\\/\"},{\"@type\":\"ListItem\",\"position\":2,\"name\":\"Contact \\\/ Devis\"}]},{\"@type\":\"WebSite\",\"@id\":\"https:\\\/\\\/djbordeauxmariage.com\\\/#website\",\"url\":\"https:\\\/\\\/djbordeauxmariage.com\\\/\",\"name\":\"dj pour votre mariage bordeaux et sa r\u00e9gion\",\"description\":\"cr\u00e9ateur d&#039;\u00e9v\u00e9nements , DJ pour vos mariages\",\"publisher\":{\"@id\":\"https:\\\/\\\/djbordeauxmariage.com\\\/#organization\"},\"alternateName\":\"djmariagebordeaux\",\"potentialAction\":[{\"@type\":\"SearchAction\",\"target\":{\"@type\":\"EntryPoint\",\"urlTemplate\":\"https:\\\/\\\/djbordeauxmariage.com\\\/?s={search_term_string}\"},\"query-input\":{\"@type\":\"PropertyValueSpecification\",\"valueRequired\":true,\"valueName\":\"search_term_string\"}}],\"inLanguage\":\"fr-FR\"},{\"@type\":\"Organization\",\"@id\":\"https:\\\/\\\/djbordeauxmariage.com\\\/#organization\",\"name\":\"djbordeauxmariage\",\"alternateName\":\"djmariagebordeaux\",\"url\":\"https:\\\/\\\/djbordeauxmariage.com\\\/\",\"logo\":{\"@type\":\"ImageObject\",\"inLanguage\":\"fr-FR\",\"@id\":\"https:\\\/\\\/djbordeauxmariage.com\\\/#\\\/schema\\\/logo\\\/image\\\/\",\"url\":\"https:\\\/\\\/djbordeauxmariage.com\\\/wp-content\\\/uploads\\\/2017\\\/09\\\/LOGO-djbordeauxmariage.jpg\",\"contentUrl\":\"https:\\\/\\\/djbordeauxmariage.com\\\/wp-content\\\/uploads\\\/2017\\\/09\\\/LOGO-djbordeauxmariage.jpg\",\"width\":448,\"height\":152,\"caption\":\"djbordeauxmariage\"},\"image\":{\"@id\":\"https:\\\/\\\/djbordeauxmariage.com\\\/#\\\/schema\\\/logo\\\/image\\\/\"},\"sameAs\":[\"https:\\\/\\\/x.com\\\/djmariage\",\"https:\\\/\\\/www.instagram.com\\\/djbordeauxmariage?igsh=MW1xZ283NXI1OGoybw&utm_source=qr\"]}]}<\/script>\n<!-- \/ Yoast SEO plugin. -->","yoast_head_json":{"title":"Contact \/ Devis &#171; Pour des \u00e9v\u00e9nements sur mesure...","robots":{"index":"index","follow":"follow","max-snippet":"max-snippet:-1","max-image-preview":"max-image-preview:large","max-video-preview":"max-video-preview:-1"},"canonical":"https:\/\/djbordeauxmariage.com\/?page_id=18","og_locale":"fr_FR","og_type":"article","og_title":"Contact \/ Devis &#171; Pour des \u00e9v\u00e9nements sur mesure...","og_description":"Pour une demande de renseignement ou de devis , merci de remplir le formulaire ci dessous , nous vous r\u00e9pondrons dans les plus brefs d\u00e9lais : Nouveau ! : vous [&hellip;]","og_url":"https:\/\/djbordeauxmariage.com\/?page_id=18","og_site_name":"Pour des \u00e9v\u00e9nements sur mesure...","article_modified_time":"2024-01-24T09:17:27+00:00","og_image":[{"url":"https:\/\/djbordeauxmariage.com\/wp-content\/uploads\/2019\/12\/WHEREBY.jpg","type":"","width":"","height":""}],"twitter_card":"summary_large_image","twitter_site":"@djmariage","twitter_misc":{"Dur\u00e9e de lecture estim\u00e9e":"1 minute"},"schema":{"@context":"https:\/\/schema.org","@graph":[{"@type":"WebPage","@id":"https:\/\/djbordeauxmariage.com\/?page_id=18","url":"https:\/\/djbordeauxmariage.com\/?page_id=18","name":"Contact \/ Devis &#171; Pour des \u00e9v\u00e9nements sur mesure...","isPartOf":{"@id":"https:\/\/djbordeauxmariage.com\/#website"},"primaryImageOfPage":{"@id":"https:\/\/djbordeauxmariage.com\/?page_id=18#primaryimage"},"image":{"@id":"https:\/\/djbordeauxmariage.com\/?page_id=18#primaryimage"},"thumbnailUrl":"https:\/\/djbordeauxmariage.com\/wp-content\/uploads\/2019\/12\/WHEREBY.jpg","datePublished":"2015-04-10T13:33:23+00:00","dateModified":"2024-01-24T09:17:27+00:00","breadcrumb":{"@id":"https:\/\/djbordeauxmariage.com\/?page_id=18#breadcrumb"},"inLanguage":"fr-FR","potentialAction":[{"@type":"ReadAction","target":["https:\/\/djbordeauxmariage.com\/?page_id=18"]}]},{"@type":"ImageObject","inLanguage":"fr-FR","@id":"https:\/\/djbordeauxmariage.com\/?page_id=18#primaryimage","url":"https:\/\/djbordeauxmariage.com\/wp-content\/uploads\/2019\/12\/WHEREBY.jpg","contentUrl":"https:\/\/djbordeauxmariage.com\/wp-content\/uploads\/2019\/12\/WHEREBY.jpg","width":166,"height":57,"caption":"d\u00e9marrer vid\u00e9oconf\u00e9rence"},{"@type":"BreadcrumbList","@id":"https:\/\/djbordeauxmariage.com\/?page_id=18#breadcrumb","itemListElement":[{"@type":"ListItem","position":1,"name":"Accueil","item":"https:\/\/djbordeauxmariage.com\/"},{"@type":"ListItem","position":2,"name":"Contact \/ Devis"}]},{"@type":"WebSite","@id":"https:\/\/djbordeauxmariage.com\/#website","url":"https:\/\/djbordeauxmariage.com\/","name":"dj pour votre mariage bordeaux et sa r\u00e9gion","description":"cr\u00e9ateur d&#039;\u00e9v\u00e9nements , DJ pour vos mariages","publisher":{"@id":"https:\/\/djbordeauxmariage.com\/#organization"},"alternateName":"djmariagebordeaux","potentialAction":[{"@type":"SearchAction","target":{"@type":"EntryPoint","urlTemplate":"https:\/\/djbordeauxmariage.com\/?s={search_term_string}"},"query-input":{"@type":"PropertyValueSpecification","valueRequired":true,"valueName":"search_term_string"}}],"inLanguage":"fr-FR"},{"@type":"Organization","@id":"https:\/\/djbordeauxmariage.com\/#organization","name":"djbordeauxmariage","alternateName":"djmariagebordeaux","url":"https:\/\/djbordeauxmariage.com\/","logo":{"@type":"ImageObject","inLanguage":"fr-FR","@id":"https:\/\/djbordeauxmariage.com\/#\/schema\/logo\/image\/","url":"https:\/\/djbordeauxmariage.com\/wp-content\/uploads\/2017\/09\/LOGO-djbordeauxmariage.jpg","contentUrl":"https:\/\/djbordeauxmariage.com\/wp-content\/uploads\/2017\/09\/LOGO-djbordeauxmariage.jpg","width":448,"height":152,"caption":"djbordeauxmariage"},"image":{"@id":"https:\/\/djbordeauxmariage.com\/#\/schema\/logo\/image\/"},"sameAs":["https:\/\/x.com\/djmariage","https:\/\/www.instagram.com\/djbordeauxmariage?igsh=MW1xZ283NXI1OGoybw&utm_source=qr"]}]}},"_links":{"self":[{"href":"https:\/\/djbordeauxmariage.com\/index.php?rest_route=\/wp\/v2\/pages\/18","targetHints":{"allow":["GET"]}}],"collection":[{"href":"https:\/\/djbordeauxmariage.com\/index.php?rest_route=\/wp\/v2\/pages"}],"about":[{"href":"https:\/\/djbordeauxmariage.com\/index.php?rest_route=\/wp\/v2\/types\/page"}],"author":[{"embeddable":true,"href":"https:\/\/djbordeauxmariage.com\/index.php?rest_route=\/wp\/v2\/users\/1"}],"replies":[{"embeddable":true,"href":"https:\/\/djbordeauxmariage.com\/index.php?rest_route=%2Fwp%2Fv2%2Fcomments&post=18"}],"version-history":[{"count":29,"href":"https:\/\/djbordeauxmariage.com\/index.php?rest_route=\/wp\/v2\/pages\/18\/revisions"}],"predecessor-version":[{"id":937,"href":"https:\/\/djbordeauxmariage.com\/index.php?rest_route=\/wp\/v2\/pages\/18\/revisions\/937"}],"wp:attachment":[{"href":"https:\/\/djbordeauxmariage.com\/index.php?rest_route=%2Fwp%2Fv2%2Fmedia&parent=18"}],"curies":[{"name":"wp","href":"https:\/\/api.w.org\/{rel}","templated":true}]}}