{"id":136,"date":"2017-09-11T12:09:58","date_gmt":"2017-09-11T12:09:58","guid":{"rendered":"http:\/\/djbordeauxmariage.apps-1and1.net\/?page_id=136"},"modified":"2019-09-09T14:21:55","modified_gmt":"2019-09-09T14:21:55","slug":"soirees-etudiantes","status":"publish","type":"page","link":"https:\/\/djbordeauxmariage.com\/?page_id=136","title":{"rendered":"Soir\u00e9es Etudiantes"},"content":{"rendered":"<p><a href=\"https:\/\/djbordeauxmariage.com\/wp-content\/uploads\/2015\/04\/etu6.png\"><img loading=\"lazy\" decoding=\"async\" class=\"size-medium wp-image-271 alignleft\" src=\"https:\/\/djbordeauxmariage.com\/wp-content\/uploads\/2015\/04\/etu6-300x171.png\" alt=\"\" width=\"300\" height=\"171\" srcset=\"https:\/\/djbordeauxmariage.com\/wp-content\/uploads\/2015\/04\/etu6-300x171.png 300w, https:\/\/djbordeauxmariage.com\/wp-content\/uploads\/2015\/04\/etu6-768x438.png 768w, https:\/\/djbordeauxmariage.com\/wp-content\/uploads\/2015\/04\/etu6-660x377.png 660w, https:\/\/djbordeauxmariage.com\/wp-content\/uploads\/2015\/04\/etu6.png 880w\" sizes=\"auto, (max-width: 300px) 100vw, 300px\" \/><\/a>Nous sommes dimensionn\u00e9s pour sonoriser et animer vos Galas et soir\u00e9es tout au long de l&rsquo;ann\u00e9e .&nbsp;<\/p>\n<p>&nbsp;<\/p>\n<p>&nbsp;<\/p>\n<p>Nous mobilisons 2 DJ compl\u00e9mentaires pour la r\u00e9ussite de votre soir\u00e9e. Nous pourrons vous accompagner dans la mise en place d&rsquo;animations et tout ce qui concernera la sonorisation ou l&rsquo;\u00e9clairage de votre \u00e9v\u00e9nement.<\/p>\n<p>N&rsquo;h\u00e9sitez pas \u00e0 nous appeler pour parler de votre projet , <strong>nos tarifs seront adapt\u00e9s \u00e0 votre budget.<\/strong><\/p>\n<p>Partenariat avec&nbsp; l&rsquo;\u00e9cole du campus ECV Bordeaux&nbsp;06\/10\/21018,&nbsp;<\/p>\n<p><a href=\"https:\/\/www.ecv.fr\/campus\/bordeaux\"><img loading=\"lazy\" decoding=\"async\" class=\"wp-image-384 size-medium\" src=\"https:\/\/djbordeauxmariage.com\/wp-content\/uploads\/2018\/10\/logo-ECV-300x76.png\" alt=\"\" width=\"300\" height=\"76\" srcset=\"https:\/\/djbordeauxmariage.com\/wp-content\/uploads\/2018\/10\/logo-ECV-300x76.png 300w, https:\/\/djbordeauxmariage.com\/wp-content\/uploads\/2018\/10\/logo-ECV-310x79.png 310w, https:\/\/djbordeauxmariage.com\/wp-content\/uploads\/2018\/10\/logo-ECV.png 313w\" sizes=\"auto, (max-width: 300px) 100vw, 300px\" \/>&nbsp;<\/a><\/p>\n<p>Nous avons anim\u00e9 la soir\u00e9e d&rsquo;int\u00e9gration .Grosse ambiance \u00e0 Lormont(33) !<a href=\"https:\/\/djbordeauxmariage.com\/wp-content\/uploads\/2018\/10\/IMG_2060.jpg\"><img loading=\"lazy\" decoding=\"async\" class=\"size-medium wp-image-411 aligncenter\" src=\"https:\/\/djbordeauxmariage.com\/wp-content\/uploads\/2018\/10\/IMG_2060-300x225.jpg\" alt=\"\" width=\"300\" height=\"225\" srcset=\"https:\/\/djbordeauxmariage.com\/wp-content\/uploads\/2018\/10\/IMG_2060-300x225.jpg 300w, https:\/\/djbordeauxmariage.com\/wp-content\/uploads\/2018\/10\/IMG_2060-768x576.jpg 768w, https:\/\/djbordeauxmariage.com\/wp-content\/uploads\/2018\/10\/IMG_2060-1024x768.jpg 1024w, https:\/\/djbordeauxmariage.com\/wp-content\/uploads\/2018\/10\/IMG_2060-660x495.jpg 660w\" sizes=\"auto, (max-width: 300px) 100vw, 300px\" \/><\/a><\/p>\n<p>Notre partenariat avec l&rsquo;\u00e9quipe de &nbsp;<a href=\"https:\/\/www.formasup-campus.com\/\"><img loading=\"lazy\" decoding=\"async\" class=\"alignnone wp-image-133 size-medium\" src=\"https:\/\/djbordeauxmariage.com\/wp-content\/uploads\/2015\/04\/logo_header-300x80.png\" alt=\"\" width=\"300\" height=\"80\" srcset=\"https:\/\/djbordeauxmariage.com\/wp-content\/uploads\/2015\/04\/logo_header-300x80.png 300w, https:\/\/djbordeauxmariage.com\/wp-content\/uploads\/2015\/04\/logo_header.png 440w\" sizes=\"auto, (max-width: 300px) 100vw, 300px\" \/>&nbsp;<\/a>est le fruit de la qualit\u00e9 de notre prestation.<\/p>\n<p>Depuis 3 ans nous animons chaque ann\u00e9e le GALA ainsi que le d\u00e9fil\u00e9 de mode. + d&rsquo;infos : <a href=\"https:\/\/www.formasup-campus.com\/\">https:\/\/www.formasup-campus.com\/<\/a><\/p>\n<p>Avec nos tarifs adapt\u00e9s , n&rsquo;h\u00e9sitez pas \u00e0 nous confier l&rsquo;animation de votre prestation.<\/p>\n<p>Nous \u00e9tudierons toute proposition :<a href=\"https:\/\/djbordeauxmariage.com\/?page_id=18\"><img loading=\"lazy\" decoding=\"async\" class=\"aligncenter size-medium wp-image-323\" src=\"https:\/\/djbordeauxmariage.com\/wp-content\/uploads\/2018\/01\/t\u00e9l\u00e9chargement-1-300x149.jpg\" alt=\"\" width=\"300\" height=\"149\" srcset=\"https:\/\/djbordeauxmariage.com\/wp-content\/uploads\/2018\/01\/t\u00e9l\u00e9chargement-1-300x149.jpg 300w, https:\/\/djbordeauxmariage.com\/wp-content\/uploads\/2018\/01\/t\u00e9l\u00e9chargement-1.jpg 319w\" sizes=\"auto, (max-width: 300px) 100vw, 300px\" \/><\/a><\/p>\n<div class=\"mceTemp\">&nbsp;<\/div>\nngg_shortcode_0_placeholder\n<p>&nbsp;<\/p>\n\n<div class=\"twitter-share\"><a href=\"https:\/\/twitter.com\/intent\/tweet?via=DjMariage\" class=\"twitter-share-button\" data-size=\"large\">Tweet<\/a><\/div>\n","protected":false},"excerpt":{"rendered":"<p>Nous sommes dimensionn\u00e9s pour sonoriser et animer vos Galas et soir\u00e9es tout au long de l&rsquo;ann\u00e9e .&nbsp; &nbsp; &nbsp; Nous mobilisons 2 DJ compl\u00e9mentaires pour la r\u00e9ussite de votre soir\u00e9e. [&hellip;]<\/p>\n","protected":false},"author":1,"featured_media":0,"parent":0,"menu_order":0,"comment_status":"closed","ping_status":"closed","template":"","meta":{"om_disable_all_campaigns":false,"_monsterinsights_skip_tracking":false,"_monsterinsights_sitenote_active":false,"_monsterinsights_sitenote_note":"","_monsterinsights_sitenote_category":0,"_uf_show_specific_survey":0,"_uf_disable_surveys":false,"ngg_post_thumbnail":0,"footnotes":""},"class_list":["post-136","page","type-page","status-publish","hentry"],"yoast_head":"<!-- This site is optimized with the Yoast SEO plugin v27.5 - https:\/\/yoast.com\/product\/yoast-seo-wordpress\/ -->\n<title>Soir\u00e9es Etudiantes &#171; Pour des \u00e9v\u00e9nements sur mesure...<\/title>\n<meta name=\"robots\" content=\"index, follow, max-snippet:-1, max-image-preview:large, max-video-preview:-1\" \/>\n<link rel=\"canonical\" href=\"https:\/\/djbordeauxmariage.com\/?page_id=136\" \/>\n<meta property=\"og:locale\" content=\"fr_FR\" \/>\n<meta property=\"og:type\" content=\"article\" \/>\n<meta property=\"og:title\" content=\"Soir\u00e9es Etudiantes &#171; Pour des \u00e9v\u00e9nements sur mesure...\" \/>\n<meta property=\"og:description\" content=\"Nous sommes dimensionn\u00e9s pour sonoriser et animer vos Galas et soir\u00e9es tout au long de l&rsquo;ann\u00e9e .&nbsp; &nbsp; &nbsp; Nous mobilisons 2 DJ compl\u00e9mentaires pour la r\u00e9ussite de votre soir\u00e9e. [&hellip;]\" \/>\n<meta property=\"og:url\" content=\"https:\/\/djbordeauxmariage.com\/?page_id=136\" \/>\n<meta property=\"og:site_name\" content=\"Pour des \u00e9v\u00e9nements sur mesure...\" \/>\n<meta property=\"article:modified_time\" content=\"2019-09-09T14:21:55+00:00\" \/>\n<meta property=\"og:image\" content=\"https:\/\/djbordeauxmariage.com\/wp-content\/uploads\/2015\/04\/etu6-300x171.png\" \/>\n<meta name=\"twitter:card\" content=\"summary_large_image\" \/>\n<meta name=\"twitter:site\" content=\"@djmariage\" \/>\n<meta name=\"twitter:label1\" content=\"Dur\u00e9e de lecture estim\u00e9e\" \/>\n\t<meta name=\"twitter:data1\" content=\"1 minute\" \/>\n<script type=\"application\/ld+json\" class=\"yoast-schema-graph\">{\"@context\":\"https:\\\/\\\/schema.org\",\"@graph\":[{\"@type\":\"WebPage\",\"@id\":\"https:\\\/\\\/djbordeauxmariage.com\\\/?page_id=136\",\"url\":\"https:\\\/\\\/djbordeauxmariage.com\\\/?page_id=136\",\"name\":\"Soir\u00e9es Etudiantes &#171; Pour des \u00e9v\u00e9nements sur mesure...\",\"isPartOf\":{\"@id\":\"https:\\\/\\\/djbordeauxmariage.com\\\/#website\"},\"primaryImageOfPage\":{\"@id\":\"https:\\\/\\\/djbordeauxmariage.com\\\/?page_id=136#primaryimage\"},\"image\":{\"@id\":\"https:\\\/\\\/djbordeauxmariage.com\\\/?page_id=136#primaryimage\"},\"thumbnailUrl\":\"https:\\\/\\\/djbordeauxmariage.com\\\/wp-content\\\/uploads\\\/2015\\\/04\\\/etu6-300x171.png\",\"datePublished\":\"2017-09-11T12:09:58+00:00\",\"dateModified\":\"2019-09-09T14:21:55+00:00\",\"breadcrumb\":{\"@id\":\"https:\\\/\\\/djbordeauxmariage.com\\\/?page_id=136#breadcrumb\"},\"inLanguage\":\"fr-FR\",\"potentialAction\":[{\"@type\":\"ReadAction\",\"target\":[\"https:\\\/\\\/djbordeauxmariage.com\\\/?page_id=136\"]}]},{\"@type\":\"ImageObject\",\"inLanguage\":\"fr-FR\",\"@id\":\"https:\\\/\\\/djbordeauxmariage.com\\\/?page_id=136#primaryimage\",\"url\":\"https:\\\/\\\/djbordeauxmariage.com\\\/wp-content\\\/uploads\\\/2015\\\/04\\\/etu6.png\",\"contentUrl\":\"https:\\\/\\\/djbordeauxmariage.com\\\/wp-content\\\/uploads\\\/2015\\\/04\\\/etu6.png\",\"width\":880,\"height\":502},{\"@type\":\"BreadcrumbList\",\"@id\":\"https:\\\/\\\/djbordeauxmariage.com\\\/?page_id=136#breadcrumb\",\"itemListElement\":[{\"@type\":\"ListItem\",\"position\":1,\"name\":\"Accueil\",\"item\":\"https:\\\/\\\/djbordeauxmariage.com\\\/\"},{\"@type\":\"ListItem\",\"position\":2,\"name\":\"Soir\u00e9es Etudiantes\"}]},{\"@type\":\"WebSite\",\"@id\":\"https:\\\/\\\/djbordeauxmariage.com\\\/#website\",\"url\":\"https:\\\/\\\/djbordeauxmariage.com\\\/\",\"name\":\"dj pour votre mariage bordeaux et sa r\u00e9gion\",\"description\":\"cr\u00e9ateur d&#039;\u00e9v\u00e9nements , DJ pour vos mariages\",\"publisher\":{\"@id\":\"https:\\\/\\\/djbordeauxmariage.com\\\/#organization\"},\"alternateName\":\"djmariagebordeaux\",\"potentialAction\":[{\"@type\":\"SearchAction\",\"target\":{\"@type\":\"EntryPoint\",\"urlTemplate\":\"https:\\\/\\\/djbordeauxmariage.com\\\/?s={search_term_string}\"},\"query-input\":{\"@type\":\"PropertyValueSpecification\",\"valueRequired\":true,\"valueName\":\"search_term_string\"}}],\"inLanguage\":\"fr-FR\"},{\"@type\":\"Organization\",\"@id\":\"https:\\\/\\\/djbordeauxmariage.com\\\/#organization\",\"name\":\"djbordeauxmariage\",\"alternateName\":\"djmariagebordeaux\",\"url\":\"https:\\\/\\\/djbordeauxmariage.com\\\/\",\"logo\":{\"@type\":\"ImageObject\",\"inLanguage\":\"fr-FR\",\"@id\":\"https:\\\/\\\/djbordeauxmariage.com\\\/#\\\/schema\\\/logo\\\/image\\\/\",\"url\":\"https:\\\/\\\/djbordeauxmariage.com\\\/wp-content\\\/uploads\\\/2017\\\/09\\\/LOGO-djbordeauxmariage.jpg\",\"contentUrl\":\"https:\\\/\\\/djbordeauxmariage.com\\\/wp-content\\\/uploads\\\/2017\\\/09\\\/LOGO-djbordeauxmariage.jpg\",\"width\":448,\"height\":152,\"caption\":\"djbordeauxmariage\"},\"image\":{\"@id\":\"https:\\\/\\\/djbordeauxmariage.com\\\/#\\\/schema\\\/logo\\\/image\\\/\"},\"sameAs\":[\"https:\\\/\\\/x.com\\\/djmariage\",\"https:\\\/\\\/www.instagram.com\\\/djbordeauxmariage?igsh=MW1xZ283NXI1OGoybw&utm_source=qr\"]}]}<\/script>\n<!-- \/ Yoast SEO plugin. -->","yoast_head_json":{"title":"Soir\u00e9es Etudiantes &#171; Pour des \u00e9v\u00e9nements sur mesure...","robots":{"index":"index","follow":"follow","max-snippet":"max-snippet:-1","max-image-preview":"max-image-preview:large","max-video-preview":"max-video-preview:-1"},"canonical":"https:\/\/djbordeauxmariage.com\/?page_id=136","og_locale":"fr_FR","og_type":"article","og_title":"Soir\u00e9es Etudiantes &#171; Pour des \u00e9v\u00e9nements sur mesure...","og_description":"Nous sommes dimensionn\u00e9s pour sonoriser et animer vos Galas et soir\u00e9es tout au long de l&rsquo;ann\u00e9e .&nbsp; &nbsp; &nbsp; Nous mobilisons 2 DJ compl\u00e9mentaires pour la r\u00e9ussite de votre soir\u00e9e. [&hellip;]","og_url":"https:\/\/djbordeauxmariage.com\/?page_id=136","og_site_name":"Pour des \u00e9v\u00e9nements sur mesure...","article_modified_time":"2019-09-09T14:21:55+00:00","og_image":[{"url":"https:\/\/djbordeauxmariage.com\/wp-content\/uploads\/2015\/04\/etu6-300x171.png","type":"","width":"","height":""}],"twitter_card":"summary_large_image","twitter_site":"@djmariage","twitter_misc":{"Dur\u00e9e de lecture estim\u00e9e":"1 minute"},"schema":{"@context":"https:\/\/schema.org","@graph":[{"@type":"WebPage","@id":"https:\/\/djbordeauxmariage.com\/?page_id=136","url":"https:\/\/djbordeauxmariage.com\/?page_id=136","name":"Soir\u00e9es Etudiantes &#171; Pour des \u00e9v\u00e9nements sur mesure...","isPartOf":{"@id":"https:\/\/djbordeauxmariage.com\/#website"},"primaryImageOfPage":{"@id":"https:\/\/djbordeauxmariage.com\/?page_id=136#primaryimage"},"image":{"@id":"https:\/\/djbordeauxmariage.com\/?page_id=136#primaryimage"},"thumbnailUrl":"https:\/\/djbordeauxmariage.com\/wp-content\/uploads\/2015\/04\/etu6-300x171.png","datePublished":"2017-09-11T12:09:58+00:00","dateModified":"2019-09-09T14:21:55+00:00","breadcrumb":{"@id":"https:\/\/djbordeauxmariage.com\/?page_id=136#breadcrumb"},"inLanguage":"fr-FR","potentialAction":[{"@type":"ReadAction","target":["https:\/\/djbordeauxmariage.com\/?page_id=136"]}]},{"@type":"ImageObject","inLanguage":"fr-FR","@id":"https:\/\/djbordeauxmariage.com\/?page_id=136#primaryimage","url":"https:\/\/djbordeauxmariage.com\/wp-content\/uploads\/2015\/04\/etu6.png","contentUrl":"https:\/\/djbordeauxmariage.com\/wp-content\/uploads\/2015\/04\/etu6.png","width":880,"height":502},{"@type":"BreadcrumbList","@id":"https:\/\/djbordeauxmariage.com\/?page_id=136#breadcrumb","itemListElement":[{"@type":"ListItem","position":1,"name":"Accueil","item":"https:\/\/djbordeauxmariage.com\/"},{"@type":"ListItem","position":2,"name":"Soir\u00e9es Etudiantes"}]},{"@type":"WebSite","@id":"https:\/\/djbordeauxmariage.com\/#website","url":"https:\/\/djbordeauxmariage.com\/","name":"dj pour votre mariage bordeaux et sa r\u00e9gion","description":"cr\u00e9ateur d&#039;\u00e9v\u00e9nements , DJ pour vos mariages","publisher":{"@id":"https:\/\/djbordeauxmariage.com\/#organization"},"alternateName":"djmariagebordeaux","potentialAction":[{"@type":"SearchAction","target":{"@type":"EntryPoint","urlTemplate":"https:\/\/djbordeauxmariage.com\/?s={search_term_string}"},"query-input":{"@type":"PropertyValueSpecification","valueRequired":true,"valueName":"search_term_string"}}],"inLanguage":"fr-FR"},{"@type":"Organization","@id":"https:\/\/djbordeauxmariage.com\/#organization","name":"djbordeauxmariage","alternateName":"djmariagebordeaux","url":"https:\/\/djbordeauxmariage.com\/","logo":{"@type":"ImageObject","inLanguage":"fr-FR","@id":"https:\/\/djbordeauxmariage.com\/#\/schema\/logo\/image\/","url":"https:\/\/djbordeauxmariage.com\/wp-content\/uploads\/2017\/09\/LOGO-djbordeauxmariage.jpg","contentUrl":"https:\/\/djbordeauxmariage.com\/wp-content\/uploads\/2017\/09\/LOGO-djbordeauxmariage.jpg","width":448,"height":152,"caption":"djbordeauxmariage"},"image":{"@id":"https:\/\/djbordeauxmariage.com\/#\/schema\/logo\/image\/"},"sameAs":["https:\/\/x.com\/djmariage","https:\/\/www.instagram.com\/djbordeauxmariage?igsh=MW1xZ283NXI1OGoybw&utm_source=qr"]}]}},"_links":{"self":[{"href":"https:\/\/djbordeauxmariage.com\/index.php?rest_route=\/wp\/v2\/pages\/136","targetHints":{"allow":["GET"]}}],"collection":[{"href":"https:\/\/djbordeauxmariage.com\/index.php?rest_route=\/wp\/v2\/pages"}],"about":[{"href":"https:\/\/djbordeauxmariage.com\/index.php?rest_route=\/wp\/v2\/types\/page"}],"author":[{"embeddable":true,"href":"https:\/\/djbordeauxmariage.com\/index.php?rest_route=\/wp\/v2\/users\/1"}],"replies":[{"embeddable":true,"href":"https:\/\/djbordeauxmariage.com\/index.php?rest_route=%2Fwp%2Fv2%2Fcomments&post=136"}],"version-history":[{"count":14,"href":"https:\/\/djbordeauxmariage.com\/index.php?rest_route=\/wp\/v2\/pages\/136\/revisions"}],"predecessor-version":[{"id":580,"href":"https:\/\/djbordeauxmariage.com\/index.php?rest_route=\/wp\/v2\/pages\/136\/revisions\/580"}],"wp:attachment":[{"href":"https:\/\/djbordeauxmariage.com\/index.php?rest_route=%2Fwp%2Fv2%2Fmedia&parent=136"}],"curies":[{"name":"wp","href":"https:\/\/api.w.org\/{rel}","templated":true}]}}